{"id":5198,"date":"2022-04-05T14:06:06","date_gmt":"2022-04-05T13:06:06","guid":{"rendered":"https:\/\/redfirepits.eu\/?page_id=5198"},"modified":"2025-07-09T13:59:21","modified_gmt":"2025-07-09T12:59:21","slug":"gamme-de-produits","status":"publish","type":"page","link":"https:\/\/redfirepits.eu\/fr\/gamme-de-produits\/","title":{"rendered":"Gamme de produits"},"content":{"rendered":"\t\t<div data-elementor-type=\"wp-page\" data-elementor-id=\"5198\" class=\"elementor elementor-5198 elementor-1980\">\n\t\t\t\t\t\t<section class=\"elementor-section elementor-top-section elementor-element elementor-element-7d02a6e9 elementor-section-boxed elementor-section-height-default elementor-section-height-default\" data-id=\"7d02a6e9\" data-element_type=\"section\">\n\t\t\t\t\t\t<div class=\"elementor-container elementor-column-gap-default\">\n\t\t\t\t\t<div class=\"elementor-column elementor-col-100 elementor-top-column elementor-element elementor-element-550f4622\" data-id=\"550f4622\" data-element_type=\"column\">\n\t\t\t<div class=\"elementor-widget-wrap elementor-element-populated\">\n\t\t\t\t\t\t<div class=\"elementor-element elementor-element-616ba394 elementor-widget elementor-widget-text-editor\" data-id=\"616ba394\" data-element_type=\"widget\" data-widget_type=\"text-editor.default\">\n\t\t\t\t<div class=\"elementor-widget-container\">\n\t\t\t\t\t\t\t\t\t<p data-start=\"523\" data-end=\"1033\">Dans la gamme RedFire, nous proposons quatre lignes de produits : Grill, Fire, Volcano et Wood Storage. Naturellement, ces produits sont souvent con\u00e7us de mani\u00e8re fonctionnelle, ce qui permet aussi des combinaisons. Par exemple, les bols \u00e0 feu Onyx 3-en-1 au design intemporel ; ils offrent non seulement un rangement pratique pour le bois, mais vous permettent \u00e9galement de griller sur la grille en acier inoxydable ou simplement de profiter d\u2019un feu convivial avec l\u2019Onyx comme pi\u00e8ce ma\u00eetresse !<\/p>\t\t\t\t\t\t\t\t<\/div>\n\t\t\t\t<\/div>\n\t\t\t\t\t<\/div>\n\t\t<\/div>\n\t\t\t\t\t<\/div>\n\t\t<\/section>\n\t\t\t\t<\/div>\n\t\t","protected":false},"excerpt":{"rendered":"<p>Dans la gamme RedFire, nous proposons quatre lignes de produits : Grill, Fire, Volcano et Wood Storage. Naturellement, ces produits sont souvent con\u00e7us de mani\u00e8re fonctionnelle, ce qui permet aussi des combinaisons. Par exemple, les bols \u00e0 feu Onyx 3-en-1 au design intemporel ; ils offrent non seulement un rangement pratique pour le bois, mais [&hellip;]<\/p>\n","protected":false},"author":1,"featured_media":0,"parent":0,"menu_order":0,"comment_status":"closed","ping_status":"closed","template":"template-product-lines.php","meta":{"inline_featured_image":false,"footnotes":""},"class_list":["post-5198","page","type-page","status-publish","hentry"],"_links":{"self":[{"href":"https:\/\/redfirepits.eu\/fr\/wp-json\/wp\/v2\/pages\/5198","targetHints":{"allow":["GET"]}}],"collection":[{"href":"https:\/\/redfirepits.eu\/fr\/wp-json\/wp\/v2\/pages"}],"about":[{"href":"https:\/\/redfirepits.eu\/fr\/wp-json\/wp\/v2\/types\/page"}],"author":[{"embeddable":true,"href":"https:\/\/redfirepits.eu\/fr\/wp-json\/wp\/v2\/users\/1"}],"replies":[{"embeddable":true,"href":"https:\/\/redfirepits.eu\/fr\/wp-json\/wp\/v2\/comments?post=5198"}],"version-history":[{"count":11,"href":"https:\/\/redfirepits.eu\/fr\/wp-json\/wp\/v2\/pages\/5198\/revisions"}],"predecessor-version":[{"id":7511,"href":"https:\/\/redfirepits.eu\/fr\/wp-json\/wp\/v2\/pages\/5198\/revisions\/7511"}],"wp:attachment":[{"href":"https:\/\/redfirepits.eu\/fr\/wp-json\/wp\/v2\/media?parent=5198"}],"curies":[{"name":"wp","href":"https:\/\/api.w.org\/{rel}","templated":true}]}}