{"id":7290,"date":"2022-02-10T10:35:39","date_gmt":"2022-02-10T09:35:39","guid":{"rendered":"https:\/\/redfirepits.eu\/cookies\/"},"modified":"2025-07-03T14:01:29","modified_gmt":"2025-07-03T13:01:29","slug":"cookies","status":"publish","type":"page","link":"https:\/\/redfirepits.eu\/fr\/cookies\/","title":{"rendered":"Cookies"},"content":{"rendered":"<p data-start=\"108\" data-end=\"140\"><strong data-start=\"108\" data-end=\"140\">UTILISONS-NOUS DES COOKIES ?<\/strong><\/p>\n<p data-start=\"142\" data-end=\"695\"><strong data-start=\"142\" data-end=\"180\">Donn\u00e9es de navigation et de visite<\/strong><br data-start=\"180\" data-end=\"183\" \/>Sur <a class=\"\" href=\"https:\/\/redfirepits.eu\" target=\"_new\" rel=\"noopener\" data-start=\"187\" data-end=\"205\">www.redfirepits.eu<\/a>, nous collectons des donn\u00e9es g\u00e9n\u00e9rales sur les visites. Par exemple, il peut s\u2019agir de l\u2019adresse IP de votre ordinateur, de votre \u00e9ventuel nom d\u2019utilisateur et de l\u2019heure de votre visite. Ces donn\u00e9es de navigation sont enregistr\u00e9es afin de mieux comprendre comment notre site est utilis\u00e9. Gr\u00e2ce \u00e0 cette analyse et \u00e0 l\u2019utilisation des cookies, nous pouvons optimiser encore davantage notre site. Nous essayons d\u2019anonymiser ces donn\u00e9es et elles ne sont bien s\u00fbr pas communiqu\u00e9es \u00e0 des tiers.<\/p>\n<p data-start=\"697\" data-end=\"1298\"><strong data-start=\"697\" data-end=\"725\">Qu\u2019est-ce qu\u2019un cookie ?<\/strong><br data-start=\"725\" data-end=\"728\" \/>Mesurer, c\u2019est savoir. Beaucoup d\u2019entreprises pensent ainsi et ont besoin de cookies pour cela. Un cookie est un petit fichier qu\u2019un site web place sur le disque dur de votre ordinateur. Cela permet aussi aux analystes de distinguer les utilisateurs les uns des autres, car le cookie est plac\u00e9 au moment o\u00f9 vous visitez le site. Nous utilisons des cookies pour m\u00e9moriser vos r\u00e9glages et pr\u00e9f\u00e9rences. Vous pouvez d\u00e9sactiver ces cookies dans votre navigateur. Sur notre site, des cookies sont plac\u00e9s par la soci\u00e9t\u00e9 am\u00e9ricaine Google dans le cadre du service \u00ab Analytics \u00bb.<\/p>\n<p data-start=\"1300\" data-end=\"1778\"><strong data-start=\"1300\" data-end=\"1320\">Google Analytics<\/strong><br data-start=\"1320\" data-end=\"1323\" \/>Comme beaucoup d\u2019entreprises, RedFire utilise aujourd\u2019hui Google Analytics pour enregistrer comment les utilisateurs utilisent le site et leur comportement de navigation. Les donn\u00e9es enregistr\u00e9es sont stock\u00e9es sur les serveurs de Google aux \u00c9tats-Unis. Pour en savoir plus sur la politique de confidentialit\u00e9 de Google, vous pouvez lire leur d\u00e9claration de confidentialit\u00e9 ici. Une politique sp\u00e9cifique a \u00e9galement \u00e9t\u00e9 mise en place pour Google Analytics.<\/p>\n<p data-start=\"1780\" data-end=\"2196\">Google recueille des informations sur l\u2019utilisation du site via ces serveurs. Nous pouvons ainsi recevoir des rapports pour nous informer des opportunit\u00e9s publicitaires \u00e9ventuelles. Google ne transmet ces donn\u00e9es \u00e0 des tiers que si la loi l\u2019exige ou si des tiers doivent traiter ces informations. RedFire n\u2019a aucun contr\u00f4le direct sur cela et n\u2019a pas donn\u00e9 son autorisation pour une autre utilisation de ces donn\u00e9es.<\/p>\n<p data-start=\"2198\" data-end=\"2563\"><strong data-start=\"2198\" data-end=\"2233\">Facebook, LinkedIn et Instagram<\/strong><br data-start=\"2233\" data-end=\"2236\" \/>Si vous trouvez sur ce site des boutons de partage pour Facebook, LinkedIn, Twitter ou Instagram, ceux-ci sont int\u00e9gr\u00e9s via un code fourni par ces r\u00e9seaux sociaux. Ce code place notamment un cookie. Pour plus d\u2019informations, vous pouvez consulter les d\u00e9clarations de confidentialit\u00e9 de Facebook, Twitter, LinkedIn et Instagram.<\/p>\n<p data-start=\"2565\" data-end=\"3005\"><strong data-start=\"2565\" data-end=\"2579\">Newsletter<\/strong><br data-start=\"2579\" data-end=\"2582\" \/>Nous envoyons une newsletter pour informer nos (potentiels) clients des nouveaut\u00e9s dans l\u2019entreprise, que ce soit au niveau du personnel, des produits ou des \u00e9v\u00e9nements. Votre adresse e-mail est ajout\u00e9e uniquement si vous y consentez en vous inscrivant via le bouton en bas du site. Chaque newsletter vous permet \u00e9galement de vous d\u00e9sabonner. La liste des abonn\u00e9s est g\u00e9r\u00e9e par RedFire et n\u2019est pas communiqu\u00e9e \u00e0 des tiers.<\/p>\n","protected":false},"excerpt":{"rendered":"<p>UTILISONS-NOUS DES COOKIES ? Donn\u00e9es de navigation et de visiteSur www.redfirepits.eu, nous collectons des donn\u00e9es g\u00e9n\u00e9rales sur les visites. Par exemple, il peut s\u2019agir de l\u2019adresse IP de votre ordinateur, de votre \u00e9ventuel nom d\u2019utilisateur et de l\u2019heure de votre visite. Ces donn\u00e9es de navigation sont enregistr\u00e9es afin de mieux comprendre comment notre site est [&hellip;]<\/p>\n","protected":false},"author":1,"featured_media":0,"parent":0,"menu_order":0,"comment_status":"closed","ping_status":"closed","template":"","meta":{"inline_featured_image":false,"footnotes":""},"class_list":["post-7290","page","type-page","status-publish","hentry"],"_links":{"self":[{"href":"https:\/\/redfirepits.eu\/fr\/wp-json\/wp\/v2\/pages\/7290","targetHints":{"allow":["GET"]}}],"collection":[{"href":"https:\/\/redfirepits.eu\/fr\/wp-json\/wp\/v2\/pages"}],"about":[{"href":"https:\/\/redfirepits.eu\/fr\/wp-json\/wp\/v2\/types\/page"}],"author":[{"embeddable":true,"href":"https:\/\/redfirepits.eu\/fr\/wp-json\/wp\/v2\/users\/1"}],"replies":[{"embeddable":true,"href":"https:\/\/redfirepits.eu\/fr\/wp-json\/wp\/v2\/comments?post=7290"}],"version-history":[{"count":3,"href":"https:\/\/redfirepits.eu\/fr\/wp-json\/wp\/v2\/pages\/7290\/revisions"}],"predecessor-version":[{"id":7294,"href":"https:\/\/redfirepits.eu\/fr\/wp-json\/wp\/v2\/pages\/7290\/revisions\/7294"}],"wp:attachment":[{"href":"https:\/\/redfirepits.eu\/fr\/wp-json\/wp\/v2\/media?parent=7290"}],"curies":[{"name":"wp","href":"https:\/\/api.w.org\/{rel}","templated":true}]}}