{"id":7503,"date":"2022-02-10T10:39:05","date_gmt":"2022-02-10T09:39:05","guid":{"rendered":"https:\/\/redfirepits.eu\/privacy-policy\/"},"modified":"2025-07-09T14:44:54","modified_gmt":"2025-07-09T13:44:54","slug":"politique-de-confidentialite","status":"publish","type":"page","link":"https:\/\/redfirepits.eu\/fr\/politique-de-confidentialite\/","title":{"rendered":"Politique de confidentialit\u00e9"},"content":{"rendered":"\r\n<p>&nbsp;<\/p>\r\n<p>Avec la nouvelle l\u00e9gislation RGPD en vigueur depuis le 25 mai, nous souhaitons vous informer clairement sur l\u2019utilisation de vos donn\u00e9es personnelles. Les stockons-nous ? Si oui, pourquoi et comment ? Et quels types de donn\u00e9es collectons-nous ? Vous trouverez toutes les informations via le lien ci-dessous. Veuillez noter que cette d\u00e9claration de confidentialit\u00e9 peut \u00eatre modifi\u00e9e et pr\u00e9cis\u00e9e \u00e0 l\u2019avenir.<\/p>\r\n<p>Si vous avez des questions concernant l\u2019utilisation de vos donn\u00e9es, n\u2019h\u00e9sitez pas \u00e0 nous envoyer un e-mail \u00e0 <a class=\"cursor-pointer\" rel=\"noopener\" data-start=\"1137\" data-end=\"1153\">info@outtrade.eu<\/a>.<\/p>\r\n<p><a href=\"\/wp-content\/uploads\/2022\/02\/Privacy-Statement-OutTrade-BV.pdf\" target=\"_blank\" rel=\"noopener\">Privacystatement 2018<\/a><\/p>\r\n<p><a href=\"\/wp-content\/uploads\/2022\/02\/Algemene-Voorwaarden-Outtrade_NL.pdf\" target=\"_blank\" rel=\"noopener\">Terms and conditions<\/a><\/p>\r\n<p><a href=\"https:\/\/redfirepits.eu\/fr\/cookies\/\">Cookies<\/a><\/p>\r\n","protected":false},"excerpt":{"rendered":"<p>&nbsp; Avec la nouvelle l\u00e9gislation RGPD en vigueur depuis le 25 mai, nous souhaitons vous informer clairement sur l\u2019utilisation de vos donn\u00e9es personnelles. Les stockons-nous ? Si oui, pourquoi et comment ? Et quels types de donn\u00e9es collectons-nous ? Vous trouverez toutes les informations via le lien ci-dessous. Veuillez noter que cette d\u00e9claration de confidentialit\u00e9 [&hellip;]<\/p>\n","protected":false},"author":1,"featured_media":0,"parent":0,"menu_order":0,"comment_status":"closed","ping_status":"closed","template":"","meta":{"inline_featured_image":false,"footnotes":""},"class_list":["post-7503","page","type-page","status-publish","hentry"],"_links":{"self":[{"href":"https:\/\/redfirepits.eu\/fr\/wp-json\/wp\/v2\/pages\/7503","targetHints":{"allow":["GET"]}}],"collection":[{"href":"https:\/\/redfirepits.eu\/fr\/wp-json\/wp\/v2\/pages"}],"about":[{"href":"https:\/\/redfirepits.eu\/fr\/wp-json\/wp\/v2\/types\/page"}],"author":[{"embeddable":true,"href":"https:\/\/redfirepits.eu\/fr\/wp-json\/wp\/v2\/users\/1"}],"replies":[{"embeddable":true,"href":"https:\/\/redfirepits.eu\/fr\/wp-json\/wp\/v2\/comments?post=7503"}],"version-history":[{"count":2,"href":"https:\/\/redfirepits.eu\/fr\/wp-json\/wp\/v2\/pages\/7503\/revisions"}],"predecessor-version":[{"id":7528,"href":"https:\/\/redfirepits.eu\/fr\/wp-json\/wp\/v2\/pages\/7503\/revisions\/7528"}],"wp:attachment":[{"href":"https:\/\/redfirepits.eu\/fr\/wp-json\/wp\/v2\/media?parent=7503"}],"curies":[{"name":"wp","href":"https:\/\/api.w.org\/{rel}","templated":true}]}}