{"id":5123,"date":"2022-05-12T09:02:00","date_gmt":"2022-05-12T08:02:00","guid":{"rendered":"https:\/\/redfirepits.eu\/?post_type=product&#038;p=5123"},"modified":"2025-07-08T13:04:37","modified_gmt":"2025-07-08T12:04:37","slug":"onyx-barbecue-classique-60-cm-noir","status":"publish","type":"product","link":"https:\/\/redfirepits.eu\/fr\/produit\/onyx-barbecue-classique-60-cm-noir\/","title":{"rendered":"ONYX Barbecue Classique 60 cm Noir"},"excerpt":{"rendered":"<p>Allier style et fonctionnalit\u00e9 ? Le barbecue Onyx \u00e9l\u00e9gant et efficace le rend possible. Avec ce barbecue accrocheur dans votre jardin, \u00e9quip\u00e9 d\u2019un large anneau plancha, vous pouvez griller en un rien de temps de d\u00e9licieux steaks, fruits de mer et l\u00e9gumes.<\/p>\n","protected":false},"featured_media":6661,"template":"","meta":{"inline_featured_image":false},"product_brand":[],"product_cat":[1373],"product_tag":[],"class_list":{"0":"post-5123","1":"product","2":"type-product","3":"status-publish","4":"has-post-thumbnail","6":"product_cat-classics-fr-2","8":"first","9":"outofstock","10":"taxable","11":"shipping-taxable","12":"purchasable","13":"product-type-simple"},"_links":{"self":[{"href":"https:\/\/redfirepits.eu\/fr\/wp-json\/wp\/v2\/product\/5123","targetHints":{"allow":["GET"]}}],"collection":[{"href":"https:\/\/redfirepits.eu\/fr\/wp-json\/wp\/v2\/product"}],"about":[{"href":"https:\/\/redfirepits.eu\/fr\/wp-json\/wp\/v2\/types\/product"}],"wp:featuredmedia":[{"embeddable":true,"href":"https:\/\/redfirepits.eu\/fr\/wp-json\/wp\/v2\/media\/6661"}],"wp:attachment":[{"href":"https:\/\/redfirepits.eu\/fr\/wp-json\/wp\/v2\/media?parent=5123"}],"wp:term":[{"taxonomy":"product_brand","embeddable":true,"href":"https:\/\/redfirepits.eu\/fr\/wp-json\/wp\/v2\/product_brand?post=5123"},{"taxonomy":"product_cat","embeddable":true,"href":"https:\/\/redfirepits.eu\/fr\/wp-json\/wp\/v2\/product_cat?post=5123"},{"taxonomy":"product_tag","embeddable":true,"href":"https:\/\/redfirepits.eu\/fr\/wp-json\/wp\/v2\/product_tag?post=5123"}],"curies":[{"name":"wp","href":"https:\/\/api.w.org\/{rel}","templated":true}]}}