{"id":5124,"date":"2022-05-12T09:02:00","date_gmt":"2022-05-12T08:02:00","guid":{"rendered":"https:\/\/redfirepits.eu\/?post_type=product&#038;p=5124"},"modified":"2025-07-08T12:25:52","modified_gmt":"2025-07-08T11:25:52","slug":"onyx-table-de-barbecue-80-cm-noire","status":"publish","type":"product","link":"https:\/\/redfirepits.eu\/fr\/produit\/onyx-table-de-barbecue-80-cm-noire\/","title":{"rendered":"ONYX Table de Barbecue 80 cm Noire"},"excerpt":{"rendered":"<p>Ce brasero \/ barbecue de jardin spacieux est un ajout \u00e9l\u00e9gant et fonctionnel \u00e0 votre jardin. Avec ce brasero conique remarquable dot\u00e9 d\u2019un large anneau plancha, vous grillez en un rien de temps de savoureux steaks, fruits de mer et l\u00e9gumes.<\/p>\n","protected":false},"featured_media":6613,"template":"","meta":{"inline_featured_image":false},"product_brand":[],"product_cat":[1373],"product_tag":[],"class_list":{"0":"post-5124","1":"product","2":"type-product","3":"status-publish","4":"has-post-thumbnail","6":"product_cat-classics-fr-2","8":"first","9":"instock","10":"taxable","11":"shipping-taxable","12":"purchasable","13":"product-type-simple"},"_links":{"self":[{"href":"https:\/\/redfirepits.eu\/fr\/wp-json\/wp\/v2\/product\/5124","targetHints":{"allow":["GET"]}}],"collection":[{"href":"https:\/\/redfirepits.eu\/fr\/wp-json\/wp\/v2\/product"}],"about":[{"href":"https:\/\/redfirepits.eu\/fr\/wp-json\/wp\/v2\/types\/product"}],"wp:featuredmedia":[{"embeddable":true,"href":"https:\/\/redfirepits.eu\/fr\/wp-json\/wp\/v2\/media\/6613"}],"wp:attachment":[{"href":"https:\/\/redfirepits.eu\/fr\/wp-json\/wp\/v2\/media?parent=5124"}],"wp:term":[{"taxonomy":"product_brand","embeddable":true,"href":"https:\/\/redfirepits.eu\/fr\/wp-json\/wp\/v2\/product_brand?post=5124"},{"taxonomy":"product_cat","embeddable":true,"href":"https:\/\/redfirepits.eu\/fr\/wp-json\/wp\/v2\/product_cat?post=5124"},{"taxonomy":"product_tag","embeddable":true,"href":"https:\/\/redfirepits.eu\/fr\/wp-json\/wp\/v2\/product_tag?post=5124"}],"curies":[{"name":"wp","href":"https:\/\/api.w.org\/{rel}","templated":true}]}}