{"id":5127,"date":"2022-05-12T09:02:06","date_gmt":"2022-05-12T08:02:06","guid":{"rendered":"https:\/\/redfirepits.eu\/?post_type=product&#038;p=5127"},"modified":"2026-04-03T08:53:29","modified_gmt":"2026-04-03T07:53:29","slug":"dallas-brasero-noir","status":"publish","type":"product","link":"https:\/\/redfirepits.eu\/fr\/produit\/dallas-brasero-noir\/","title":{"rendered":"Dallas Brasero Noir"},"excerpt":{"rendered":"<p>Profitez de la chaleur et de la cuisine en plein air avec le brasero RedFire Dallas. Ce mod\u00e8le polyvalent combine un brasero classique avec une fonction barbecue, vous permettant de profiter d\u2019un feu chaleureux tout en pr\u00e9parant de d\u00e9licieux plats avec vos amis ou votre famille. La grille barbecue incluse permet de cuire facilement viande, poisson ou l\u00e9gumes directement au-dessus du feu. La plaque de fond recueille les cendres et les r\u00e9sidus de bois br\u00fbl\u00e9 afin de garder votre terrasse ou votre jardin propre.<\/p>\n","protected":false},"featured_media":4777,"template":"","meta":{"inline_featured_image":false},"product_brand":[],"product_cat":[1373],"product_tag":[],"class_list":{"0":"post-5127","1":"product","2":"type-product","3":"status-publish","4":"has-post-thumbnail","6":"product_cat-classics-fr-2","8":"first","9":"outofstock","10":"purchasable","11":"product-type-simple"},"_links":{"self":[{"href":"https:\/\/redfirepits.eu\/fr\/wp-json\/wp\/v2\/product\/5127","targetHints":{"allow":["GET"]}}],"collection":[{"href":"https:\/\/redfirepits.eu\/fr\/wp-json\/wp\/v2\/product"}],"about":[{"href":"https:\/\/redfirepits.eu\/fr\/wp-json\/wp\/v2\/types\/product"}],"wp:featuredmedia":[{"embeddable":true,"href":"https:\/\/redfirepits.eu\/fr\/wp-json\/wp\/v2\/media\/4777"}],"wp:attachment":[{"href":"https:\/\/redfirepits.eu\/fr\/wp-json\/wp\/v2\/media?parent=5127"}],"wp:term":[{"taxonomy":"product_brand","embeddable":true,"href":"https:\/\/redfirepits.eu\/fr\/wp-json\/wp\/v2\/product_brand?post=5127"},{"taxonomy":"product_cat","embeddable":true,"href":"https:\/\/redfirepits.eu\/fr\/wp-json\/wp\/v2\/product_cat?post=5127"},{"taxonomy":"product_tag","embeddable":true,"href":"https:\/\/redfirepits.eu\/fr\/wp-json\/wp\/v2\/product_tag?post=5127"}],"curies":[{"name":"wp","href":"https:\/\/api.w.org\/{rel}","templated":true}]}}