{"id":5129,"date":"2022-05-12T09:02:06","date_gmt":"2022-05-12T08:02:06","guid":{"rendered":"https:\/\/redfirepits.eu\/?post_type=product&#038;p=5129"},"modified":"2025-07-03T10:00:08","modified_gmt":"2025-07-03T09:00:08","slug":"kingston-foyer-moyen-noir","status":"publish","type":"product","link":"https:\/\/redfirepits.eu\/fr\/produit\/kingston-foyer-moyen-noir\/","title":{"rendered":"Kingston Foyer Moyen Noir"},"excerpt":{"rendered":"<p>Donnez du style suppl\u00e9mentaire \u00e0 votre jardin avec le RedFire Kingston Medium moderne en noir mat. Avec un diam\u00e8tre de 43 centim\u00e8tres, ce foyer n\u2019occupe pas beaucoup d\u2019espace, mais diffuse la chaleur tout autour gr\u00e2ce \u00e0 son mat\u00e9riau conducteur. Une chemin\u00e9e finie en acier inoxydable \u00e9vacue proprement la fum\u00e9e et apporte une touche suppl\u00e9mentaire \u00e0 son design moderne.<\/p>\n","protected":false},"featured_media":5311,"template":"","meta":{"inline_featured_image":false},"product_brand":[],"product_cat":[1369],"product_tag":[],"class_list":{"0":"post-5129","1":"product","2":"type-product","3":"status-publish","4":"has-post-thumbnail","6":"product_cat-classics-fr","8":"first","9":"instock","10":"taxable","11":"shipping-taxable","12":"purchasable","13":"product-type-simple"},"_links":{"self":[{"href":"https:\/\/redfirepits.eu\/fr\/wp-json\/wp\/v2\/product\/5129","targetHints":{"allow":["GET"]}}],"collection":[{"href":"https:\/\/redfirepits.eu\/fr\/wp-json\/wp\/v2\/product"}],"about":[{"href":"https:\/\/redfirepits.eu\/fr\/wp-json\/wp\/v2\/types\/product"}],"wp:featuredmedia":[{"embeddable":true,"href":"https:\/\/redfirepits.eu\/fr\/wp-json\/wp\/v2\/media\/5311"}],"wp:attachment":[{"href":"https:\/\/redfirepits.eu\/fr\/wp-json\/wp\/v2\/media?parent=5129"}],"wp:term":[{"taxonomy":"product_brand","embeddable":true,"href":"https:\/\/redfirepits.eu\/fr\/wp-json\/wp\/v2\/product_brand?post=5129"},{"taxonomy":"product_cat","embeddable":true,"href":"https:\/\/redfirepits.eu\/fr\/wp-json\/wp\/v2\/product_cat?post=5129"},{"taxonomy":"product_tag","embeddable":true,"href":"https:\/\/redfirepits.eu\/fr\/wp-json\/wp\/v2\/product_tag?post=5129"}],"curies":[{"name":"wp","href":"https:\/\/api.w.org\/{rel}","templated":true}]}}