{"id":5131,"date":"2022-05-12T09:02:06","date_gmt":"2022-05-12T08:02:06","guid":{"rendered":"https:\/\/redfirepits.eu\/?post_type=product&#038;p=5131"},"modified":"2025-07-03T09:30:12","modified_gmt":"2025-07-03T08:30:12","slug":"sauda-foyer-noir-bronze","status":"publish","type":"product","link":"https:\/\/redfirepits.eu\/fr\/produit\/sauda-foyer-noir-bronze\/","title":{"rendered":"Sauda Foyer Noir\/Bronze"},"excerpt":{"rendered":"<p>Ce foyer RedFire Sauda est non seulement une source de chaleur, mais offre \u00e9galement une lumi\u00e8re d\u2019ambiance lors d\u2019une soir\u00e9e de fin d\u2019\u00e9t\u00e9 gr\u00e2ce \u00e0 son design ouvert. Gr\u00e2ce \u00e0 son format compact, le Sauda apporte une atmosph\u00e8re m\u00eame aux petits jardins. Sa construction en acier avec effet bronze conf\u00e8re \u00e0 ce foyer de jardin un look classique et \u00e9l\u00e9gant qui compl\u00e8te parfaitement le jardin.<\/p>\n","protected":false},"featured_media":4726,"template":"","meta":{"inline_featured_image":false},"product_brand":[],"product_cat":[1369],"product_tag":[],"class_list":{"0":"post-5131","1":"product","2":"type-product","3":"status-publish","4":"has-post-thumbnail","6":"product_cat-classics-fr","8":"first","9":"instock","10":"purchasable","11":"product-type-simple"},"_links":{"self":[{"href":"https:\/\/redfirepits.eu\/fr\/wp-json\/wp\/v2\/product\/5131","targetHints":{"allow":["GET"]}}],"collection":[{"href":"https:\/\/redfirepits.eu\/fr\/wp-json\/wp\/v2\/product"}],"about":[{"href":"https:\/\/redfirepits.eu\/fr\/wp-json\/wp\/v2\/types\/product"}],"wp:featuredmedia":[{"embeddable":true,"href":"https:\/\/redfirepits.eu\/fr\/wp-json\/wp\/v2\/media\/4726"}],"wp:attachment":[{"href":"https:\/\/redfirepits.eu\/fr\/wp-json\/wp\/v2\/media?parent=5131"}],"wp:term":[{"taxonomy":"product_brand","embeddable":true,"href":"https:\/\/redfirepits.eu\/fr\/wp-json\/wp\/v2\/product_brand?post=5131"},{"taxonomy":"product_cat","embeddable":true,"href":"https:\/\/redfirepits.eu\/fr\/wp-json\/wp\/v2\/product_cat?post=5131"},{"taxonomy":"product_tag","embeddable":true,"href":"https:\/\/redfirepits.eu\/fr\/wp-json\/wp\/v2\/product_tag?post=5131"}],"curies":[{"name":"wp","href":"https:\/\/api.w.org\/{rel}","templated":true}]}}