{"id":5133,"date":"2022-05-12T09:02:00","date_gmt":"2022-05-12T08:02:00","guid":{"rendered":"https:\/\/redfirepits.eu\/?post_type=product&#038;p=5133"},"modified":"2025-07-08T13:29:11","modified_gmt":"2025-07-08T12:29:11","slug":"couvercle-orion-classic-82-cm-noir","status":"publish","type":"product","link":"https:\/\/redfirepits.eu\/fr\/produit\/couvercle-orion-classic-82-cm-noir\/","title":{"rendered":"Couvercle Orion Classic 82 cm Noir"},"excerpt":{"rendered":"<p>Votre RedFire ORION est d\u00e9j\u00e0 \u00e9quip\u00e9 en standard d\u2019un grill, d\u2019un anneau de cuisson plancha, d\u2019un tiroir \u00e0 cendres et d\u2019un espace de rangement pour le bois. Vous pouvez toutefois y ajouter ce couvercle en m\u00e9tal pour encore plus de fonctionnalit\u00e9.<\/p>\n","protected":false},"featured_media":5059,"template":"","meta":{"inline_featured_image":false},"product_brand":[],"product_cat":[1672],"product_tag":[],"class_list":{"0":"post-5133","1":"product","2":"type-product","3":"status-publish","4":"has-post-thumbnail","6":"product_cat-accessoires-fr","8":"first","9":"instock","10":"taxable","11":"shipping-taxable","12":"purchasable","13":"product-type-simple"},"_links":{"self":[{"href":"https:\/\/redfirepits.eu\/fr\/wp-json\/wp\/v2\/product\/5133","targetHints":{"allow":["GET"]}}],"collection":[{"href":"https:\/\/redfirepits.eu\/fr\/wp-json\/wp\/v2\/product"}],"about":[{"href":"https:\/\/redfirepits.eu\/fr\/wp-json\/wp\/v2\/types\/product"}],"wp:featuredmedia":[{"embeddable":true,"href":"https:\/\/redfirepits.eu\/fr\/wp-json\/wp\/v2\/media\/5059"}],"wp:attachment":[{"href":"https:\/\/redfirepits.eu\/fr\/wp-json\/wp\/v2\/media?parent=5133"}],"wp:term":[{"taxonomy":"product_brand","embeddable":true,"href":"https:\/\/redfirepits.eu\/fr\/wp-json\/wp\/v2\/product_brand?post=5133"},{"taxonomy":"product_cat","embeddable":true,"href":"https:\/\/redfirepits.eu\/fr\/wp-json\/wp\/v2\/product_cat?post=5133"},{"taxonomy":"product_tag","embeddable":true,"href":"https:\/\/redfirepits.eu\/fr\/wp-json\/wp\/v2\/product_tag?post=5133"}],"curies":[{"name":"wp","href":"https:\/\/api.w.org\/{rel}","templated":true}]}}