{"id":5135,"date":"2022-05-12T09:02:00","date_gmt":"2022-05-12T08:02:00","guid":{"rendered":"https:\/\/redfirepits.eu\/?post_type=product&#038;p=5135"},"modified":"2025-07-08T11:04:37","modified_gmt":"2025-07-08T10:04:37","slug":"lorenzo-four-dexterieur-noir","status":"publish","type":"product","link":"https:\/\/redfirepits.eu\/fr\/produit\/lorenzo-four-dexterieur-noir\/","title":{"rendered":"Lorenzo Four d&rsquo;ext\u00e9rieur Noir"},"excerpt":{"rendered":"<p>Cr\u00e9ez en un rien de temps votre propre cuisine ext\u00e9rieure avec le four d\u2019ext\u00e9rieur multifonctionnel Lorenzo de RedFire. Utilisez-le comme un authentique four \u00e0 pizza gr\u00e2ce \u00e0 la pierre de cuisson fournie, ou comme un barbecue classique lors d&rsquo;une douce soir\u00e9e d\u2019\u00e9t\u00e9. Le thermom\u00e8tre int\u00e9gr\u00e9 vous indique quand il est temps de passer \u00e0 la cuisson.<\/p>\n","protected":false},"featured_media":4854,"template":"","meta":{"inline_featured_image":false},"product_brand":[],"product_cat":[1373],"product_tag":[],"class_list":{"0":"post-5135","1":"product","2":"type-product","3":"status-publish","4":"has-post-thumbnail","6":"product_cat-classics-fr-2","8":"first","9":"instock","10":"taxable","11":"shipping-taxable","12":"purchasable","13":"product-type-simple"},"_links":{"self":[{"href":"https:\/\/redfirepits.eu\/fr\/wp-json\/wp\/v2\/product\/5135","targetHints":{"allow":["GET"]}}],"collection":[{"href":"https:\/\/redfirepits.eu\/fr\/wp-json\/wp\/v2\/product"}],"about":[{"href":"https:\/\/redfirepits.eu\/fr\/wp-json\/wp\/v2\/types\/product"}],"wp:featuredmedia":[{"embeddable":true,"href":"https:\/\/redfirepits.eu\/fr\/wp-json\/wp\/v2\/media\/4854"}],"wp:attachment":[{"href":"https:\/\/redfirepits.eu\/fr\/wp-json\/wp\/v2\/media?parent=5135"}],"wp:term":[{"taxonomy":"product_brand","embeddable":true,"href":"https:\/\/redfirepits.eu\/fr\/wp-json\/wp\/v2\/product_brand?post=5135"},{"taxonomy":"product_cat","embeddable":true,"href":"https:\/\/redfirepits.eu\/fr\/wp-json\/wp\/v2\/product_cat?post=5135"},{"taxonomy":"product_tag","embeddable":true,"href":"https:\/\/redfirepits.eu\/fr\/wp-json\/wp\/v2\/product_tag?post=5135"}],"curies":[{"name":"wp","href":"https:\/\/api.w.org\/{rel}","templated":true}]}}