{"id":5136,"date":"2022-05-12T09:01:54","date_gmt":"2022-05-12T08:01:54","guid":{"rendered":"https:\/\/redfirepits.eu\/?post_type=product&#038;p=5136"},"modified":"2025-07-09T10:46:56","modified_gmt":"2025-07-09T09:46:56","slug":"fulla-brasero-faite-main-rouille","status":"publish","type":"product","link":"https:\/\/redfirepits.eu\/fr\/produit\/fulla-brasero-faite-main-rouille\/","title":{"rendered":"Fulla Brasero faite main Rouille"},"excerpt":{"rendered":"<p>La coupe \u00e0 feu d\u00e9corative ronde Fulla de RedFire offre, gr\u00e2ce \u00e0 son large diam\u00e8tre, suffisamment d\u2019espace pour augmenter consid\u00e9rablement la temp\u00e9rature. Il y a assez de place pour plusieurs b\u00fbches. L\u2019acier rouill\u00e9 conduit bien la chaleur, vous gardant au chaud toute la soir\u00e9e. Gr\u00e2ce \u00e0 ses pieds solides, la Fulla de RedFire tient fermement en place.<\/p>\n","protected":false},"featured_media":6354,"template":"","meta":{"inline_featured_image":false},"product_brand":[],"product_cat":[1370],"product_tag":[],"class_list":{"0":"post-5136","1":"product","2":"type-product","3":"status-publish","4":"has-post-thumbnail","6":"product_cat-handmade-fr","8":"first","9":"instock","10":"taxable","11":"shipping-taxable","12":"purchasable","13":"product-type-simple"},"_links":{"self":[{"href":"https:\/\/redfirepits.eu\/fr\/wp-json\/wp\/v2\/product\/5136","targetHints":{"allow":["GET"]}}],"collection":[{"href":"https:\/\/redfirepits.eu\/fr\/wp-json\/wp\/v2\/product"}],"about":[{"href":"https:\/\/redfirepits.eu\/fr\/wp-json\/wp\/v2\/types\/product"}],"wp:featuredmedia":[{"embeddable":true,"href":"https:\/\/redfirepits.eu\/fr\/wp-json\/wp\/v2\/media\/6354"}],"wp:attachment":[{"href":"https:\/\/redfirepits.eu\/fr\/wp-json\/wp\/v2\/media?parent=5136"}],"wp:term":[{"taxonomy":"product_brand","embeddable":true,"href":"https:\/\/redfirepits.eu\/fr\/wp-json\/wp\/v2\/product_brand?post=5136"},{"taxonomy":"product_cat","embeddable":true,"href":"https:\/\/redfirepits.eu\/fr\/wp-json\/wp\/v2\/product_cat?post=5136"},{"taxonomy":"product_tag","embeddable":true,"href":"https:\/\/redfirepits.eu\/fr\/wp-json\/wp\/v2\/product_tag?post=5136"}],"curies":[{"name":"wp","href":"https:\/\/api.w.org\/{rel}","templated":true}]}}