{"id":5140,"date":"2022-05-12T09:02:00","date_gmt":"2022-05-12T08:02:00","guid":{"rendered":"https:\/\/redfirepits.eu\/?post_type=product&#038;p=5140"},"modified":"2025-07-08T13:36:18","modified_gmt":"2025-07-08T12:36:18","slug":"jersey-foyer-xl-noir","status":"publish","type":"product","link":"https:\/\/redfirepits.eu\/fr\/produit\/jersey-foyer-xl-noir\/","title":{"rendered":"Jersey Foyer XL Noir"},"excerpt":{"rendered":"<p>Le Jersey XL vous garde agr\u00e9ablement au chaud, m\u00eame lors d\u2019une fra\u00eeche soir\u00e9e d\u2019\u00e9t\u00e9. Cette chemin\u00e9e d\u2019ext\u00e9rieur noire mate de RedFire, au design carr\u00e9 \u00e9l\u00e9gant, attire tous les regards dans n\u2019importe quel jardin ou sur toute terrasse.<\/p>\n","protected":false},"featured_media":5006,"template":"","meta":{"inline_featured_image":false},"product_brand":[],"product_cat":[1371],"product_tag":[],"class_list":{"0":"post-5140","1":"product","2":"type-product","3":"status-publish","4":"has-post-thumbnail","6":"product_cat-premium-fr","8":"first","9":"outofstock","10":"taxable","11":"shipping-taxable","12":"purchasable","13":"product-type-simple"},"_links":{"self":[{"href":"https:\/\/redfirepits.eu\/fr\/wp-json\/wp\/v2\/product\/5140","targetHints":{"allow":["GET"]}}],"collection":[{"href":"https:\/\/redfirepits.eu\/fr\/wp-json\/wp\/v2\/product"}],"about":[{"href":"https:\/\/redfirepits.eu\/fr\/wp-json\/wp\/v2\/types\/product"}],"wp:featuredmedia":[{"embeddable":true,"href":"https:\/\/redfirepits.eu\/fr\/wp-json\/wp\/v2\/media\/5006"}],"wp:attachment":[{"href":"https:\/\/redfirepits.eu\/fr\/wp-json\/wp\/v2\/media?parent=5140"}],"wp:term":[{"taxonomy":"product_brand","embeddable":true,"href":"https:\/\/redfirepits.eu\/fr\/wp-json\/wp\/v2\/product_brand?post=5140"},{"taxonomy":"product_cat","embeddable":true,"href":"https:\/\/redfirepits.eu\/fr\/wp-json\/wp\/v2\/product_cat?post=5140"},{"taxonomy":"product_tag","embeddable":true,"href":"https:\/\/redfirepits.eu\/fr\/wp-json\/wp\/v2\/product_tag?post=5140"}],"curies":[{"name":"wp","href":"https:\/\/api.w.org\/{rel}","templated":true}]}}