{"id":5143,"date":"2022-05-12T09:02:06","date_gmt":"2022-05-12T08:02:06","guid":{"rendered":"https:\/\/redfirepits.eu\/?post_type=product&#038;p=5143"},"modified":"2026-04-03T08:55:55","modified_gmt":"2026-04-03T07:55:55","slug":"denver-brasero-noir","status":"publish","type":"product","link":"https:\/\/redfirepits.eu\/fr\/produit\/denver-brasero-noir\/","title":{"rendered":"Denver Brasero Noir"},"excerpt":{"rendered":"<p>Profitez de la chaleur et de l\u2019ambiance dans votre jardin avec le brasero RedFire Denver. Gr\u00e2ce \u00e0 son design classique et \u00e0 sa large ouverture, ce brasero offre suffisamment d\u2019espace pour plusieurs b\u00fbches en m\u00eame temps. Vous pouvez ainsi facilement cr\u00e9er un feu puissant et convivial lors de longues soir\u00e9es en ext\u00e9rieur.<\/p>\n","protected":false},"featured_media":7162,"template":"","meta":{"inline_featured_image":false},"product_brand":[],"product_cat":[1369],"product_tag":[],"class_list":{"0":"post-5143","1":"product","2":"type-product","3":"status-publish","4":"has-post-thumbnail","6":"product_cat-classics-fr","8":"first","9":"outofstock","10":"purchasable","11":"product-type-simple"},"_links":{"self":[{"href":"https:\/\/redfirepits.eu\/fr\/wp-json\/wp\/v2\/product\/5143","targetHints":{"allow":["GET"]}}],"collection":[{"href":"https:\/\/redfirepits.eu\/fr\/wp-json\/wp\/v2\/product"}],"about":[{"href":"https:\/\/redfirepits.eu\/fr\/wp-json\/wp\/v2\/types\/product"}],"wp:featuredmedia":[{"embeddable":true,"href":"https:\/\/redfirepits.eu\/fr\/wp-json\/wp\/v2\/media\/7162"}],"wp:attachment":[{"href":"https:\/\/redfirepits.eu\/fr\/wp-json\/wp\/v2\/media?parent=5143"}],"wp:term":[{"taxonomy":"product_brand","embeddable":true,"href":"https:\/\/redfirepits.eu\/fr\/wp-json\/wp\/v2\/product_brand?post=5143"},{"taxonomy":"product_cat","embeddable":true,"href":"https:\/\/redfirepits.eu\/fr\/wp-json\/wp\/v2\/product_cat?post=5143"},{"taxonomy":"product_tag","embeddable":true,"href":"https:\/\/redfirepits.eu\/fr\/wp-json\/wp\/v2\/product_tag?post=5143"}],"curies":[{"name":"wp","href":"https:\/\/api.w.org\/{rel}","templated":true}]}}