{"id":5145,"date":"2022-05-12T09:01:54","date_gmt":"2022-05-12T08:01:54","guid":{"rendered":"https:\/\/redfirepits.eu\/?post_type=product&#038;p=5145"},"modified":"2022-09-12T15:40:36","modified_gmt":"2022-09-12T14:40:36","slug":"panier-a-feu-redfire-madison","status":"publish","type":"product","link":"https:\/\/redfirepits.eu\/fr\/produit\/panier-a-feu-redfire-madison\/","title":{"rendered":"Panier \u00e0 feu RedFire Madison"},"excerpt":{"rendered":"<p>Le brasero RedFire Madison est un brasero au design unique. Le foyer est large et profond, r\u00e9alis\u00e9 dans une couleur rouille naturelle. Le design d\u00e9coup\u00e9 au laser du brasero Madison est id\u00e9al pour se r\u00e9chauffer tout en regardant les flammes vacillantes.<\/p>\n","protected":false},"featured_media":4902,"template":"","meta":{"inline_featured_image":false},"product_brand":[],"product_cat":[1370],"product_tag":[],"class_list":{"0":"post-5145","1":"product","2":"type-product","3":"status-publish","4":"has-post-thumbnail","6":"product_cat-handmade-fr","8":"first","9":"instock","10":"taxable","11":"shipping-taxable","12":"purchasable","13":"product-type-simple"},"_links":{"self":[{"href":"https:\/\/redfirepits.eu\/fr\/wp-json\/wp\/v2\/product\/5145","targetHints":{"allow":["GET"]}}],"collection":[{"href":"https:\/\/redfirepits.eu\/fr\/wp-json\/wp\/v2\/product"}],"about":[{"href":"https:\/\/redfirepits.eu\/fr\/wp-json\/wp\/v2\/types\/product"}],"wp:featuredmedia":[{"embeddable":true,"href":"https:\/\/redfirepits.eu\/fr\/wp-json\/wp\/v2\/media\/4902"}],"wp:attachment":[{"href":"https:\/\/redfirepits.eu\/fr\/wp-json\/wp\/v2\/media?parent=5145"}],"wp:term":[{"taxonomy":"product_brand","embeddable":true,"href":"https:\/\/redfirepits.eu\/fr\/wp-json\/wp\/v2\/product_brand?post=5145"},{"taxonomy":"product_cat","embeddable":true,"href":"https:\/\/redfirepits.eu\/fr\/wp-json\/wp\/v2\/product_cat?post=5145"},{"taxonomy":"product_tag","embeddable":true,"href":"https:\/\/redfirepits.eu\/fr\/wp-json\/wp\/v2\/product_tag?post=5145"}],"curies":[{"name":"wp","href":"https:\/\/api.w.org\/{rel}","templated":true}]}}