{"id":5148,"date":"2022-05-12T09:02:06","date_gmt":"2022-05-12T08:02:06","guid":{"rendered":"https:\/\/redfirepits.eu\/?post_type=product&#038;p=5148"},"modified":"2025-07-03T09:18:23","modified_gmt":"2025-07-03T08:18:23","slug":"buffalo-brasero-noir","status":"publish","type":"product","link":"https:\/\/redfirepits.eu\/fr\/produit\/buffalo-brasero-noir\/","title":{"rendered":"Buffalo Brasero Noir"},"excerpt":{"rendered":"<p>Le brasero RedFire Buffalo combine \u00e0 la fois un espace de rangement pour le bois et un foyer en un seul. Gr\u00e2ce \u00e0 sa jolie grille en maille qui l\u2019entoure, le feu est bien visible de tous les c\u00f4t\u00e9s. Cette grille offre \u00e9galement une s\u00e9curit\u00e9 en retenant les \u00e9ventuelles \u00e9tincelles. Le Buffalo est fini avec un rev\u00eatement en poudre noir r\u00e9sistant \u00e0 la chaleur et livr\u00e9 en une seule pi\u00e8ce\u2014pratique car aucun montage n\u2019est n\u00e9cessaire, vous pouvez en profiter imm\u00e9diatement.<\/p>\n","protected":false},"featured_media":4745,"template":"","meta":{"inline_featured_image":false},"product_brand":[],"product_cat":[1369],"product_tag":[],"class_list":{"0":"post-5148","1":"product","2":"type-product","3":"status-publish","4":"has-post-thumbnail","6":"product_cat-classics-fr","8":"first","9":"instock","10":"purchasable","11":"product-type-simple"},"_links":{"self":[{"href":"https:\/\/redfirepits.eu\/fr\/wp-json\/wp\/v2\/product\/5148","targetHints":{"allow":["GET"]}}],"collection":[{"href":"https:\/\/redfirepits.eu\/fr\/wp-json\/wp\/v2\/product"}],"about":[{"href":"https:\/\/redfirepits.eu\/fr\/wp-json\/wp\/v2\/types\/product"}],"wp:featuredmedia":[{"embeddable":true,"href":"https:\/\/redfirepits.eu\/fr\/wp-json\/wp\/v2\/media\/4745"}],"wp:attachment":[{"href":"https:\/\/redfirepits.eu\/fr\/wp-json\/wp\/v2\/media?parent=5148"}],"wp:term":[{"taxonomy":"product_brand","embeddable":true,"href":"https:\/\/redfirepits.eu\/fr\/wp-json\/wp\/v2\/product_brand?post=5148"},{"taxonomy":"product_cat","embeddable":true,"href":"https:\/\/redfirepits.eu\/fr\/wp-json\/wp\/v2\/product_cat?post=5148"},{"taxonomy":"product_tag","embeddable":true,"href":"https:\/\/redfirepits.eu\/fr\/wp-json\/wp\/v2\/product_tag?post=5148"}],"curies":[{"name":"wp","href":"https:\/\/api.w.org\/{rel}","templated":true}]}}