{"id":5152,"date":"2022-05-12T09:02:06","date_gmt":"2022-05-12T08:02:06","guid":{"rendered":"https:\/\/redfirepits.eu\/?post_type=product&#038;p=5152"},"modified":"2026-04-02T12:51:02","modified_gmt":"2026-04-02T11:51:02","slug":"cheminee-en-terre-cuite-colima-blue-rouge","status":"publish","type":"product","link":"https:\/\/redfirepits.eu\/fr\/produit\/cheminee-en-terre-cuite-colima-blue-rouge\/","title":{"rendered":"Chemin\u00e9e En Terre Cuite Colima Blue\/Rouge"},"excerpt":{"rendered":"<p>La chemin\u00e9e de jardin RedFire Colima apporte imm\u00e9diatement une ambiance mexicaine chaleureuse \u00e0 votre jardin ou \u00e0 votre terrasse. Avec son design color\u00e9 et sa forme traditionnelle, cette chemin\u00e9e devient un v\u00e9ritable \u00e9l\u00e9ment d\u00e9coratif dans tout espace ext\u00e9rieur.<\/p>\n","protected":false},"featured_media":7119,"template":"","meta":{"inline_featured_image":false},"product_brand":[],"product_cat":[1369],"product_tag":[],"class_list":{"0":"post-5152","1":"product","2":"type-product","3":"status-publish","4":"has-post-thumbnail","6":"product_cat-classics-fr","8":"first","9":"instock","10":"purchasable","11":"product-type-simple"},"_links":{"self":[{"href":"https:\/\/redfirepits.eu\/fr\/wp-json\/wp\/v2\/product\/5152","targetHints":{"allow":["GET"]}}],"collection":[{"href":"https:\/\/redfirepits.eu\/fr\/wp-json\/wp\/v2\/product"}],"about":[{"href":"https:\/\/redfirepits.eu\/fr\/wp-json\/wp\/v2\/types\/product"}],"wp:featuredmedia":[{"embeddable":true,"href":"https:\/\/redfirepits.eu\/fr\/wp-json\/wp\/v2\/media\/7119"}],"wp:attachment":[{"href":"https:\/\/redfirepits.eu\/fr\/wp-json\/wp\/v2\/media?parent=5152"}],"wp:term":[{"taxonomy":"product_brand","embeddable":true,"href":"https:\/\/redfirepits.eu\/fr\/wp-json\/wp\/v2\/product_brand?post=5152"},{"taxonomy":"product_cat","embeddable":true,"href":"https:\/\/redfirepits.eu\/fr\/wp-json\/wp\/v2\/product_cat?post=5152"},{"taxonomy":"product_tag","embeddable":true,"href":"https:\/\/redfirepits.eu\/fr\/wp-json\/wp\/v2\/product_tag?post=5152"}],"curies":[{"name":"wp","href":"https:\/\/api.w.org\/{rel}","templated":true}]}}