{"id":5153,"date":"2022-05-12T09:02:00","date_gmt":"2022-05-12T08:02:00","guid":{"rendered":"https:\/\/redfirepits.eu\/?post_type=product&#038;p=5153"},"modified":"2026-04-08T09:45:28","modified_gmt":"2026-04-08T08:45:28","slug":"brasero-reso-noir-industriel","status":"publish","type":"product","link":"https:\/\/redfirepits.eu\/fr\/produit\/brasero-reso-noir-industriel\/","title":{"rendered":"Brasero Reso Noir\/Industriel"},"excerpt":{"rendered":"<p>Le RedFire Reso est un brasero moderne et robuste qui apporte imm\u00e9diatement chaleur et ambiance \u00e0 votre jardin ou terrasse. Gr\u00e2ce \u00e0 son design carr\u00e9 \u00e9pur\u00e9 et \u00e0 son style industriel, ce brasero devient rapidement un \u00e9l\u00e9ment central lors de soir\u00e9es conviviales en ext\u00e9rieur.<\/p>\n","protected":false},"featured_media":4984,"template":"","meta":{"inline_featured_image":false},"product_brand":[],"product_cat":[1371],"product_tag":[],"class_list":{"0":"post-5153","1":"product","2":"type-product","3":"status-publish","4":"has-post-thumbnail","6":"product_cat-premium-fr","8":"first","9":"instock","10":"taxable","11":"shipping-taxable","12":"purchasable","13":"product-type-simple"},"_links":{"self":[{"href":"https:\/\/redfirepits.eu\/fr\/wp-json\/wp\/v2\/product\/5153","targetHints":{"allow":["GET"]}}],"collection":[{"href":"https:\/\/redfirepits.eu\/fr\/wp-json\/wp\/v2\/product"}],"about":[{"href":"https:\/\/redfirepits.eu\/fr\/wp-json\/wp\/v2\/types\/product"}],"wp:featuredmedia":[{"embeddable":true,"href":"https:\/\/redfirepits.eu\/fr\/wp-json\/wp\/v2\/media\/4984"}],"wp:attachment":[{"href":"https:\/\/redfirepits.eu\/fr\/wp-json\/wp\/v2\/media?parent=5153"}],"wp:term":[{"taxonomy":"product_brand","embeddable":true,"href":"https:\/\/redfirepits.eu\/fr\/wp-json\/wp\/v2\/product_brand?post=5153"},{"taxonomy":"product_cat","embeddable":true,"href":"https:\/\/redfirepits.eu\/fr\/wp-json\/wp\/v2\/product_cat?post=5153"},{"taxonomy":"product_tag","embeddable":true,"href":"https:\/\/redfirepits.eu\/fr\/wp-json\/wp\/v2\/product_tag?post=5153"}],"curies":[{"name":"wp","href":"https:\/\/api.w.org\/{rel}","templated":true}]}}