{"id":5154,"date":"2022-05-12T09:02:06","date_gmt":"2022-05-12T08:02:06","guid":{"rendered":"https:\/\/redfirepits.eu\/?post_type=product&#038;p=5154"},"modified":"2026-04-03T09:34:13","modified_gmt":"2026-04-03T08:34:13","slug":"atlanta-brasero-noir","status":"publish","type":"product","link":"https:\/\/redfirepits.eu\/fr\/produit\/atlanta-brasero-noir\/","title":{"rendered":"Atlanta Brasero Noir"},"excerpt":{"rendered":"<p data-start=\"299\" data-end=\"490\">Profitez plus longtemps de vos soir\u00e9es en ext\u00e9rieur avec le brasero RedFire Atlanta. Ce mod\u00e8le spacieux apporte chaleur et ambiance, m\u00eame lors des soir\u00e9es plus fra\u00eeches.<\/p>\n","protected":false},"featured_media":4753,"template":"","meta":{"inline_featured_image":false},"product_brand":[],"product_cat":[1369],"product_tag":[],"class_list":{"0":"post-5154","1":"product","2":"type-product","3":"status-publish","4":"has-post-thumbnail","6":"product_cat-classics-fr","8":"first","9":"instock","10":"purchasable","11":"product-type-simple"},"_links":{"self":[{"href":"https:\/\/redfirepits.eu\/fr\/wp-json\/wp\/v2\/product\/5154","targetHints":{"allow":["GET"]}}],"collection":[{"href":"https:\/\/redfirepits.eu\/fr\/wp-json\/wp\/v2\/product"}],"about":[{"href":"https:\/\/redfirepits.eu\/fr\/wp-json\/wp\/v2\/types\/product"}],"wp:featuredmedia":[{"embeddable":true,"href":"https:\/\/redfirepits.eu\/fr\/wp-json\/wp\/v2\/media\/4753"}],"wp:attachment":[{"href":"https:\/\/redfirepits.eu\/fr\/wp-json\/wp\/v2\/media?parent=5154"}],"wp:term":[{"taxonomy":"product_brand","embeddable":true,"href":"https:\/\/redfirepits.eu\/fr\/wp-json\/wp\/v2\/product_brand?post=5154"},{"taxonomy":"product_cat","embeddable":true,"href":"https:\/\/redfirepits.eu\/fr\/wp-json\/wp\/v2\/product_cat?post=5154"},{"taxonomy":"product_tag","embeddable":true,"href":"https:\/\/redfirepits.eu\/fr\/wp-json\/wp\/v2\/product_tag?post=5154"}],"curies":[{"name":"wp","href":"https:\/\/api.w.org\/{rel}","templated":true}]}}