{"id":5155,"date":"2022-05-12T09:02:06","date_gmt":"2022-05-12T08:02:06","guid":{"rendered":"https:\/\/redfirepits.eu\/?post_type=product&#038;p=5155"},"modified":"2026-04-03T11:03:11","modified_gmt":"2026-04-03T10:03:11","slug":"mikor-brasero-noir","status":"publish","type":"product","link":"https:\/\/redfirepits.eu\/fr\/produit\/mikor-brasero-noir\/","title":{"rendered":"Mikor Brasero Noir"},"excerpt":{"rendered":"<p>Le brasero RedFire Mikor combine design moderne et chaleur d\u2019un v\u00e9ritable feu de bois. Son cadre carr\u00e9 avec des formes d\u00e9coup\u00e9es au laser cr\u00e9e un motif unique \u00e0 travers lequel les flammes apparaissent, offrant un superbe jeu de lumi\u00e8re.<\/p>\n","protected":false},"featured_media":4805,"template":"","meta":{"inline_featured_image":false},"product_brand":[],"product_cat":[1373],"product_tag":[],"class_list":{"0":"post-5155","1":"product","2":"type-product","3":"status-publish","4":"has-post-thumbnail","6":"product_cat-classics-fr-2","8":"first","9":"instock","10":"purchasable","11":"product-type-simple"},"_links":{"self":[{"href":"https:\/\/redfirepits.eu\/fr\/wp-json\/wp\/v2\/product\/5155","targetHints":{"allow":["GET"]}}],"collection":[{"href":"https:\/\/redfirepits.eu\/fr\/wp-json\/wp\/v2\/product"}],"about":[{"href":"https:\/\/redfirepits.eu\/fr\/wp-json\/wp\/v2\/types\/product"}],"wp:featuredmedia":[{"embeddable":true,"href":"https:\/\/redfirepits.eu\/fr\/wp-json\/wp\/v2\/media\/4805"}],"wp:attachment":[{"href":"https:\/\/redfirepits.eu\/fr\/wp-json\/wp\/v2\/media?parent=5155"}],"wp:term":[{"taxonomy":"product_brand","embeddable":true,"href":"https:\/\/redfirepits.eu\/fr\/wp-json\/wp\/v2\/product_brand?post=5155"},{"taxonomy":"product_cat","embeddable":true,"href":"https:\/\/redfirepits.eu\/fr\/wp-json\/wp\/v2\/product_cat?post=5155"},{"taxonomy":"product_tag","embeddable":true,"href":"https:\/\/redfirepits.eu\/fr\/wp-json\/wp\/v2\/product_tag?post=5155"}],"curies":[{"name":"wp","href":"https:\/\/api.w.org\/{rel}","templated":true}]}}