{"id":5156,"date":"2022-05-12T09:02:06","date_gmt":"2022-05-12T08:02:06","guid":{"rendered":"https:\/\/redfirepits.eu\/?post_type=product&#038;p=5156"},"modified":"2026-04-03T10:55:08","modified_gmt":"2026-04-03T09:55:08","slug":"blazer-brasero-noir-bronze","status":"publish","type":"product","link":"https:\/\/redfirepits.eu\/fr\/produit\/blazer-brasero-noir-bronze\/","title":{"rendered":"Blazer Brasero Noir\/Bronze"},"excerpt":{"rendered":"<p>Le RedFire Blazer attire imm\u00e9diatement le regard d\u00e8s que le feu est allum\u00e9. Son motif d\u00e9coratif et sa finition effet bronze laissent appara\u00eetre les flammes \u00e0 travers le design, cr\u00e9ant un magnifique jeu de lumi\u00e8re et d\u2019ombre dans le jardin ou sur la terrasse.<\/p>\n","protected":false},"featured_media":4812,"template":"","meta":{"inline_featured_image":false},"product_brand":[],"product_cat":[1373],"product_tag":[],"class_list":{"0":"post-5156","1":"product","2":"type-product","3":"status-publish","4":"has-post-thumbnail","6":"product_cat-classics-fr-2","8":"first","9":"onbackorder","10":"purchasable","11":"product-type-simple"},"_links":{"self":[{"href":"https:\/\/redfirepits.eu\/fr\/wp-json\/wp\/v2\/product\/5156","targetHints":{"allow":["GET"]}}],"collection":[{"href":"https:\/\/redfirepits.eu\/fr\/wp-json\/wp\/v2\/product"}],"about":[{"href":"https:\/\/redfirepits.eu\/fr\/wp-json\/wp\/v2\/types\/product"}],"wp:featuredmedia":[{"embeddable":true,"href":"https:\/\/redfirepits.eu\/fr\/wp-json\/wp\/v2\/media\/4812"}],"wp:attachment":[{"href":"https:\/\/redfirepits.eu\/fr\/wp-json\/wp\/v2\/media?parent=5156"}],"wp:term":[{"taxonomy":"product_brand","embeddable":true,"href":"https:\/\/redfirepits.eu\/fr\/wp-json\/wp\/v2\/product_brand?post=5156"},{"taxonomy":"product_cat","embeddable":true,"href":"https:\/\/redfirepits.eu\/fr\/wp-json\/wp\/v2\/product_cat?post=5156"},{"taxonomy":"product_tag","embeddable":true,"href":"https:\/\/redfirepits.eu\/fr\/wp-json\/wp\/v2\/product_tag?post=5156"}],"curies":[{"name":"wp","href":"https:\/\/api.w.org\/{rel}","templated":true}]}}