{"id":5157,"date":"2022-05-12T09:02:06","date_gmt":"2022-05-12T08:02:06","guid":{"rendered":"https:\/\/redfirepits.eu\/?post_type=product&#038;p=5157"},"modified":"2026-04-03T10:57:46","modified_gmt":"2026-04-03T09:57:46","slug":"chicago-brasero-noir","status":"publish","type":"product","link":"https:\/\/redfirepits.eu\/fr\/produit\/chicago-brasero-noir\/","title":{"rendered":"Chicago Brasero Noir"},"excerpt":{"rendered":"<p>Apportez chaleur et style \u00e0 votre jardin avec le brasero RedFire Chicago. Son design moderne associe acier thermolaqu\u00e9 et tr\u00e9pied en acier inoxydable pour un look \u00e9l\u00e9gant et contemporain.\u00a0Avec un diam\u00e8tre g\u00e9n\u00e9reux de 75 cm, le Chicago offre suffisamment d\u2019espace pour cr\u00e9er un feu puissant. Ce brasero convient aussi bien aux petits jardins qu\u2019aux espaces ext\u00e9rieurs plus grands.<\/p>\n","protected":false},"featured_media":4821,"template":"","meta":{"inline_featured_image":false},"product_brand":[],"product_cat":[1369],"product_tag":[],"class_list":{"0":"post-5157","1":"product","2":"type-product","3":"status-publish","4":"has-post-thumbnail","6":"product_cat-classics-fr","8":"first","9":"instock","10":"purchasable","11":"product-type-simple"},"_links":{"self":[{"href":"https:\/\/redfirepits.eu\/fr\/wp-json\/wp\/v2\/product\/5157","targetHints":{"allow":["GET"]}}],"collection":[{"href":"https:\/\/redfirepits.eu\/fr\/wp-json\/wp\/v2\/product"}],"about":[{"href":"https:\/\/redfirepits.eu\/fr\/wp-json\/wp\/v2\/types\/product"}],"wp:featuredmedia":[{"embeddable":true,"href":"https:\/\/redfirepits.eu\/fr\/wp-json\/wp\/v2\/media\/4821"}],"wp:attachment":[{"href":"https:\/\/redfirepits.eu\/fr\/wp-json\/wp\/v2\/media?parent=5157"}],"wp:term":[{"taxonomy":"product_brand","embeddable":true,"href":"https:\/\/redfirepits.eu\/fr\/wp-json\/wp\/v2\/product_brand?post=5157"},{"taxonomy":"product_cat","embeddable":true,"href":"https:\/\/redfirepits.eu\/fr\/wp-json\/wp\/v2\/product_cat?post=5157"},{"taxonomy":"product_tag","embeddable":true,"href":"https:\/\/redfirepits.eu\/fr\/wp-json\/wp\/v2\/product_tag?post=5157"}],"curies":[{"name":"wp","href":"https:\/\/api.w.org\/{rel}","templated":true}]}}