{"id":5160,"date":"2022-05-12T09:02:06","date_gmt":"2022-05-12T08:02:06","guid":{"rendered":"https:\/\/redfirepits.eu\/?post_type=product&#038;p=5160"},"modified":"2025-07-03T12:57:00","modified_gmt":"2025-07-03T11:57:00","slug":"fuego-foyer-grand-noir","status":"publish","type":"product","link":"https:\/\/redfirepits.eu\/fr\/produit\/fuego-foyer-grand-noir\/","title":{"rendered":"Fuego Foyer Grand Noir"},"excerpt":{"rendered":"<p>Ce foyer de terrasse spacieux et intemporel de la gamme RedFire a un caract\u00e8re multifonctionnel. Fabriqu\u00e9 en acier durable et recouvert d\u2019une peinture noire mate r\u00e9sistante aux hautes temp\u00e9ratures, ce foyer est \u00e0 la fois solide et durable. Gr\u00e2ce \u00e0 son grand format, vous pouvez facilement utiliser de grosses b\u00fbches.<\/p>\n","protected":false},"featured_media":4761,"template":"","meta":{"inline_featured_image":false},"product_brand":[],"product_cat":[1369],"product_tag":[],"class_list":{"0":"post-5160","1":"product","2":"type-product","3":"status-publish","4":"has-post-thumbnail","6":"product_cat-classics-fr","8":"first","9":"instock","10":"purchasable","11":"product-type-simple"},"_links":{"self":[{"href":"https:\/\/redfirepits.eu\/fr\/wp-json\/wp\/v2\/product\/5160","targetHints":{"allow":["GET"]}}],"collection":[{"href":"https:\/\/redfirepits.eu\/fr\/wp-json\/wp\/v2\/product"}],"about":[{"href":"https:\/\/redfirepits.eu\/fr\/wp-json\/wp\/v2\/types\/product"}],"wp:featuredmedia":[{"embeddable":true,"href":"https:\/\/redfirepits.eu\/fr\/wp-json\/wp\/v2\/media\/4761"}],"wp:attachment":[{"href":"https:\/\/redfirepits.eu\/fr\/wp-json\/wp\/v2\/media?parent=5160"}],"wp:term":[{"taxonomy":"product_brand","embeddable":true,"href":"https:\/\/redfirepits.eu\/fr\/wp-json\/wp\/v2\/product_brand?post=5160"},{"taxonomy":"product_cat","embeddable":true,"href":"https:\/\/redfirepits.eu\/fr\/wp-json\/wp\/v2\/product_cat?post=5160"},{"taxonomy":"product_tag","embeddable":true,"href":"https:\/\/redfirepits.eu\/fr\/wp-json\/wp\/v2\/product_tag?post=5160"}],"curies":[{"name":"wp","href":"https:\/\/api.w.org\/{rel}","templated":true}]}}