{"id":5161,"date":"2022-05-12T09:02:06","date_gmt":"2022-05-12T08:02:06","guid":{"rendered":"https:\/\/redfirepits.eu\/?post_type=product&#038;p=5161"},"modified":"2025-07-03T13:08:01","modified_gmt":"2025-07-03T12:08:01","slug":"fuego-foyer-petit-noir","status":"publish","type":"product","link":"https:\/\/redfirepits.eu\/fr\/produit\/fuego-foyer-petit-noir\/","title":{"rendered":"Fuego Foyer Petit Noir"},"excerpt":{"rendered":"<p>Le foyer Fuego en acier noir mat r\u00e9chauffe agr\u00e9ablement une belle soir\u00e9e d\u2019\u00e9t\u00e9 et apporte une touche d\u2019ambiance suppl\u00e9mentaire \u00e0 tout jardin. Gr\u00e2ce \u00e0 ses dimensions modestes, ce nouveau mod\u00e8le RedFire convient \u00e9galement parfaitement aux petits jardins.<\/p>\n","protected":false},"featured_media":4700,"template":"","meta":{"inline_featured_image":false},"product_brand":[],"product_cat":[1369],"product_tag":[],"class_list":{"0":"post-5161","1":"product","2":"type-product","3":"status-publish","4":"has-post-thumbnail","6":"product_cat-classics-fr","8":"first","9":"instock","10":"taxable","11":"shipping-taxable","12":"purchasable","13":"product-type-simple"},"_links":{"self":[{"href":"https:\/\/redfirepits.eu\/fr\/wp-json\/wp\/v2\/product\/5161","targetHints":{"allow":["GET"]}}],"collection":[{"href":"https:\/\/redfirepits.eu\/fr\/wp-json\/wp\/v2\/product"}],"about":[{"href":"https:\/\/redfirepits.eu\/fr\/wp-json\/wp\/v2\/types\/product"}],"wp:featuredmedia":[{"embeddable":true,"href":"https:\/\/redfirepits.eu\/fr\/wp-json\/wp\/v2\/media\/4700"}],"wp:attachment":[{"href":"https:\/\/redfirepits.eu\/fr\/wp-json\/wp\/v2\/media?parent=5161"}],"wp:term":[{"taxonomy":"product_brand","embeddable":true,"href":"https:\/\/redfirepits.eu\/fr\/wp-json\/wp\/v2\/product_brand?post=5161"},{"taxonomy":"product_cat","embeddable":true,"href":"https:\/\/redfirepits.eu\/fr\/wp-json\/wp\/v2\/product_cat?post=5161"},{"taxonomy":"product_tag","embeddable":true,"href":"https:\/\/redfirepits.eu\/fr\/wp-json\/wp\/v2\/product_tag?post=5161"}],"curies":[{"name":"wp","href":"https:\/\/api.w.org\/{rel}","templated":true}]}}