{"id":5162,"date":"2022-05-12T09:01:54","date_gmt":"2022-05-12T08:01:54","guid":{"rendered":"https:\/\/redfirepits.eu\/?post_type=product&#038;p=5162"},"modified":"2025-07-09T10:53:29","modified_gmt":"2025-07-09T09:53:29","slug":"v-brasero-faite-main-rouille","status":"publish","type":"product","link":"https:\/\/redfirepits.eu\/fr\/produit\/v-brasero-faite-main-rouille\/","title":{"rendered":"V Brasero faite main Rouille"},"excerpt":{"rendered":"<p>Ce brasero robuste Firepit V de la collection RedFire apporte une ambiance unique \u00e0 votre jardin ou terrasse. Une chemin\u00e9e d\u2019ext\u00e9rieur haut de gamme et lourde, dont la forme en V s\u2019adapte \u00e0 presque tous les styles de jardin. Avec son acier de 2 mm d\u2019\u00e9paisseur, ce brasero p\u00e8se 21 kg et ne risque pas d\u2019\u00eatre d\u00e9plac\u00e9 par le vent. Ce qui le rend encore plus sp\u00e9cial : ce brasero est fabriqu\u00e9 \u00e0 la main.<\/p>\n","protected":false},"featured_media":6358,"template":"","meta":{"inline_featured_image":false},"product_brand":[],"product_cat":[1370],"product_tag":[],"class_list":{"0":"post-5162","1":"product","2":"type-product","3":"status-publish","4":"has-post-thumbnail","6":"product_cat-handmade-fr","8":"first","9":"instock","10":"taxable","11":"shipping-taxable","12":"purchasable","13":"product-type-simple"},"_links":{"self":[{"href":"https:\/\/redfirepits.eu\/fr\/wp-json\/wp\/v2\/product\/5162","targetHints":{"allow":["GET"]}}],"collection":[{"href":"https:\/\/redfirepits.eu\/fr\/wp-json\/wp\/v2\/product"}],"about":[{"href":"https:\/\/redfirepits.eu\/fr\/wp-json\/wp\/v2\/types\/product"}],"wp:featuredmedia":[{"embeddable":true,"href":"https:\/\/redfirepits.eu\/fr\/wp-json\/wp\/v2\/media\/6358"}],"wp:attachment":[{"href":"https:\/\/redfirepits.eu\/fr\/wp-json\/wp\/v2\/media?parent=5162"}],"wp:term":[{"taxonomy":"product_brand","embeddable":true,"href":"https:\/\/redfirepits.eu\/fr\/wp-json\/wp\/v2\/product_brand?post=5162"},{"taxonomy":"product_cat","embeddable":true,"href":"https:\/\/redfirepits.eu\/fr\/wp-json\/wp\/v2\/product_cat?post=5162"},{"taxonomy":"product_tag","embeddable":true,"href":"https:\/\/redfirepits.eu\/fr\/wp-json\/wp\/v2\/product_tag?post=5162"}],"curies":[{"name":"wp","href":"https:\/\/api.w.org\/{rel}","templated":true}]}}