{"id":5163,"date":"2022-05-12T09:01:54","date_gmt":"2022-05-12T08:01:54","guid":{"rendered":"https:\/\/redfirepits.eu\/?post_type=product&#038;p=5163"},"modified":"2022-09-12T16:12:27","modified_gmt":"2022-09-12T15:12:27","slug":"redfire-bois-de-cheminee-artisanale","status":"publish","type":"product","link":"https:\/\/redfirepits.eu\/fr\/produit\/redfire-bois-de-cheminee-artisanale\/","title":{"rendered":"RedFire Bois de chemin\u00e9e artisanale"},"excerpt":{"rendered":"<p>Cette chemin\u00e9e robuste Woody de la gamme RedFire donne une atmosph\u00e8re unique \u00e0 votre jardin ou terrasse. Une chemin\u00e9e spacieuse et pratique, qui, avec son aspect Corten, convient \u00e0 tout jardin ou terrasse. La couleur rouille est r\u00e9sistante ainsi les solides pieds en bois constituent une combinaison unique.<\/p>\n","protected":false},"featured_media":5108,"template":"","meta":{"inline_featured_image":false},"product_brand":[],"product_cat":[1370],"product_tag":[],"class_list":{"0":"post-5163","1":"product","2":"type-product","3":"status-publish","4":"has-post-thumbnail","6":"product_cat-handmade-fr","8":"first","9":"instock","10":"taxable","11":"shipping-taxable","12":"purchasable","13":"product-type-simple"},"_links":{"self":[{"href":"https:\/\/redfirepits.eu\/fr\/wp-json\/wp\/v2\/product\/5163","targetHints":{"allow":["GET"]}}],"collection":[{"href":"https:\/\/redfirepits.eu\/fr\/wp-json\/wp\/v2\/product"}],"about":[{"href":"https:\/\/redfirepits.eu\/fr\/wp-json\/wp\/v2\/types\/product"}],"wp:featuredmedia":[{"embeddable":true,"href":"https:\/\/redfirepits.eu\/fr\/wp-json\/wp\/v2\/media\/5108"}],"wp:attachment":[{"href":"https:\/\/redfirepits.eu\/fr\/wp-json\/wp\/v2\/media?parent=5163"}],"wp:term":[{"taxonomy":"product_brand","embeddable":true,"href":"https:\/\/redfirepits.eu\/fr\/wp-json\/wp\/v2\/product_brand?post=5163"},{"taxonomy":"product_cat","embeddable":true,"href":"https:\/\/redfirepits.eu\/fr\/wp-json\/wp\/v2\/product_cat?post=5163"},{"taxonomy":"product_tag","embeddable":true,"href":"https:\/\/redfirepits.eu\/fr\/wp-json\/wp\/v2\/product_tag?post=5163"}],"curies":[{"name":"wp","href":"https:\/\/api.w.org\/{rel}","templated":true}]}}