{"id":5164,"date":"2022-05-12T09:01:54","date_gmt":"2022-05-12T08:01:54","guid":{"rendered":"https:\/\/redfirepits.eu\/?post_type=product&#038;p=5164"},"modified":"2025-07-09T09:55:34","modified_gmt":"2025-07-09T08:55:34","slug":"hodr-boite-de-rangement-en-bois-faite-main-50-cm-rouille","status":"publish","type":"product","link":"https:\/\/redfirepits.eu\/fr\/produit\/hodr-boite-de-rangement-en-bois-faite-main-50-cm-rouille\/","title":{"rendered":"Hodr Bo\u00eete De Rangement En Bois Faite Main 50 cm Rouille"},"excerpt":{"rendered":"<p>Vous ne savez pas quoi faire de votre bois de chauffage ? Avec cette bo\u00eete de rangement RedFire Hodr, vous pouvez stocker facilement votre bois. Avec une hauteur de 50 centim\u00e8tres, vous pouvez aussi choisir d\u2019acheter plusieurs bo\u00eetes pour les empiler (jusqu\u2019\u00e0 3 de hauteur). Cela cr\u00e9e \u00e9galement un bel effet sur votre terrasse ou dans votre jardin.<\/p>\n","protected":false},"featured_media":4654,"template":"","meta":{"inline_featured_image":false},"product_brand":[],"product_cat":[1376],"product_tag":[],"class_list":{"0":"post-5164","1":"product","2":"type-product","3":"status-publish","4":"has-post-thumbnail","6":"product_cat-handmade-fr-2","8":"first","9":"instock","10":"taxable","11":"shipping-taxable","12":"purchasable","13":"product-type-simple"},"_links":{"self":[{"href":"https:\/\/redfirepits.eu\/fr\/wp-json\/wp\/v2\/product\/5164","targetHints":{"allow":["GET"]}}],"collection":[{"href":"https:\/\/redfirepits.eu\/fr\/wp-json\/wp\/v2\/product"}],"about":[{"href":"https:\/\/redfirepits.eu\/fr\/wp-json\/wp\/v2\/types\/product"}],"wp:featuredmedia":[{"embeddable":true,"href":"https:\/\/redfirepits.eu\/fr\/wp-json\/wp\/v2\/media\/4654"}],"wp:attachment":[{"href":"https:\/\/redfirepits.eu\/fr\/wp-json\/wp\/v2\/media?parent=5164"}],"wp:term":[{"taxonomy":"product_brand","embeddable":true,"href":"https:\/\/redfirepits.eu\/fr\/wp-json\/wp\/v2\/product_brand?post=5164"},{"taxonomy":"product_cat","embeddable":true,"href":"https:\/\/redfirepits.eu\/fr\/wp-json\/wp\/v2\/product_cat?post=5164"},{"taxonomy":"product_tag","embeddable":true,"href":"https:\/\/redfirepits.eu\/fr\/wp-json\/wp\/v2\/product_tag?post=5164"}],"curies":[{"name":"wp","href":"https:\/\/api.w.org\/{rel}","templated":true}]}}