{"id":5165,"date":"2022-05-12T09:02:00","date_gmt":"2022-05-12T08:02:00","guid":{"rendered":"https:\/\/redfirepits.eu\/?post_type=product&#038;p=5165"},"modified":"2025-07-08T13:46:40","modified_gmt":"2025-07-08T12:46:40","slug":"jersey-foyer-xxl-noire","status":"publish","type":"product","link":"https:\/\/redfirepits.eu\/fr\/produit\/jersey-foyer-xxl-noire\/","title":{"rendered":"Jersey Foyer XXL Noire"},"excerpt":{"rendered":"<p>Le RedFire Jersey XXL est une chemin\u00e9e de terrasse moderne, distinctive et robuste, qui vous garde agr\u00e9ablement au chaud lorsque la temp\u00e9rature baisse. Son design moderne est intemporel et s\u2019adapte \u00e0 tous les styles de jardin. La chambre de combustion en acier massif r\u00e9partit la chaleur et diffuse bien la chaleur autour de votre patio ou jardin.<\/p>\n","protected":false},"featured_media":5015,"template":"","meta":{"inline_featured_image":false},"product_brand":[],"product_cat":[1371],"product_tag":[],"class_list":{"0":"post-5165","1":"product","2":"type-product","3":"status-publish","4":"has-post-thumbnail","6":"product_cat-premium-fr","8":"first","9":"outofstock","10":"taxable","11":"shipping-taxable","12":"purchasable","13":"product-type-simple"},"_links":{"self":[{"href":"https:\/\/redfirepits.eu\/fr\/wp-json\/wp\/v2\/product\/5165","targetHints":{"allow":["GET"]}}],"collection":[{"href":"https:\/\/redfirepits.eu\/fr\/wp-json\/wp\/v2\/product"}],"about":[{"href":"https:\/\/redfirepits.eu\/fr\/wp-json\/wp\/v2\/types\/product"}],"wp:featuredmedia":[{"embeddable":true,"href":"https:\/\/redfirepits.eu\/fr\/wp-json\/wp\/v2\/media\/5015"}],"wp:attachment":[{"href":"https:\/\/redfirepits.eu\/fr\/wp-json\/wp\/v2\/media?parent=5165"}],"wp:term":[{"taxonomy":"product_brand","embeddable":true,"href":"https:\/\/redfirepits.eu\/fr\/wp-json\/wp\/v2\/product_brand?post=5165"},{"taxonomy":"product_cat","embeddable":true,"href":"https:\/\/redfirepits.eu\/fr\/wp-json\/wp\/v2\/product_cat?post=5165"},{"taxonomy":"product_tag","embeddable":true,"href":"https:\/\/redfirepits.eu\/fr\/wp-json\/wp\/v2\/product_tag?post=5165"}],"curies":[{"name":"wp","href":"https:\/\/api.w.org\/{rel}","templated":true}]}}