{"id":5166,"date":"2022-05-12T09:01:54","date_gmt":"2022-05-12T08:01:54","guid":{"rendered":"https:\/\/redfirepits.eu\/?post_type=product&#038;p=5166"},"modified":"2025-07-09T10:59:00","modified_gmt":"2025-07-09T09:59:00","slug":"juva-brasero-noir-industriel","status":"publish","type":"product","link":"https:\/\/redfirepits.eu\/fr\/produit\/juva-brasero-noir-industriel\/","title":{"rendered":"Juva Brasero Noir\/Industriel"},"excerpt":{"rendered":"<p>Envie de combiner style et fonctionnalit\u00e9 ? Le RedFire Juva vous offre \u00e0 la fois un brasero et un espace de rangement pour le bois. Son look industriel \u00e9l\u00e9gant en fait un v\u00e9ritable atout d\u00e9coratif pour votre jardin ou terrasse, m\u00eame lorsqu\u2019il n\u2019est pas allum\u00e9. Avec un diam\u00e8tre de 80 centim\u00e8tres, vous disposez de suffisamment d\u2019espace pour cr\u00e9er de belles flammes.<\/p>\n","protected":false},"featured_media":6376,"template":"","meta":{"inline_featured_image":false},"product_brand":[],"product_cat":[1371],"product_tag":[],"class_list":{"0":"post-5166","1":"product","2":"type-product","3":"status-publish","4":"has-post-thumbnail","6":"product_cat-premium-fr","8":"first","9":"instock","10":"taxable","11":"shipping-taxable","12":"purchasable","13":"product-type-simple"},"_links":{"self":[{"href":"https:\/\/redfirepits.eu\/fr\/wp-json\/wp\/v2\/product\/5166","targetHints":{"allow":["GET"]}}],"collection":[{"href":"https:\/\/redfirepits.eu\/fr\/wp-json\/wp\/v2\/product"}],"about":[{"href":"https:\/\/redfirepits.eu\/fr\/wp-json\/wp\/v2\/types\/product"}],"wp:featuredmedia":[{"embeddable":true,"href":"https:\/\/redfirepits.eu\/fr\/wp-json\/wp\/v2\/media\/6376"}],"wp:attachment":[{"href":"https:\/\/redfirepits.eu\/fr\/wp-json\/wp\/v2\/media?parent=5166"}],"wp:term":[{"taxonomy":"product_brand","embeddable":true,"href":"https:\/\/redfirepits.eu\/fr\/wp-json\/wp\/v2\/product_brand?post=5166"},{"taxonomy":"product_cat","embeddable":true,"href":"https:\/\/redfirepits.eu\/fr\/wp-json\/wp\/v2\/product_cat?post=5166"},{"taxonomy":"product_tag","embeddable":true,"href":"https:\/\/redfirepits.eu\/fr\/wp-json\/wp\/v2\/product_tag?post=5166"}],"curies":[{"name":"wp","href":"https:\/\/api.w.org\/{rel}","templated":true}]}}