{"id":5167,"date":"2022-05-12T09:01:54","date_gmt":"2022-05-12T08:01:54","guid":{"rendered":"https:\/\/redfirepits.eu\/?post_type=product&#038;p=5167"},"modified":"2025-07-09T10:41:14","modified_gmt":"2025-07-09T09:41:14","slug":"kiruna-corbeille-a-feu-faite-main-rouille","status":"publish","type":"product","link":"https:\/\/redfirepits.eu\/fr\/produit\/kiruna-corbeille-a-feu-faite-main-rouille\/","title":{"rendered":"Kiruna Corbeille \u00e0 feu  faite main Rouille"},"excerpt":{"rendered":"<p>Cette robuste coupe \u00e0 feu Kiruna de la collection RedFire apporte une ambiance unique \u00e0 votre jardin ou terrasse. Un foyer spacieux et pratique avec un aspect corten, adapt\u00e9 \u00e0 presque tous les styles de jardin. La couleur rouille audacieuse et les d\u00e9coupes en forme de flammes sur la Kiruna cr\u00e9ent une combinaison unique. Ce qui la rend particuli\u00e8re, c\u2019est qu\u2019elle est \u00e9galement fabriqu\u00e9e \u00e0 la main.<\/p>\n","protected":false},"featured_media":5089,"template":"","meta":{"inline_featured_image":false},"product_brand":[],"product_cat":[1370],"product_tag":[],"class_list":{"0":"post-5167","1":"product","2":"type-product","3":"status-publish","4":"has-post-thumbnail","6":"product_cat-handmade-fr","8":"first","9":"instock","10":"taxable","11":"shipping-taxable","12":"purchasable","13":"product-type-simple"},"_links":{"self":[{"href":"https:\/\/redfirepits.eu\/fr\/wp-json\/wp\/v2\/product\/5167","targetHints":{"allow":["GET"]}}],"collection":[{"href":"https:\/\/redfirepits.eu\/fr\/wp-json\/wp\/v2\/product"}],"about":[{"href":"https:\/\/redfirepits.eu\/fr\/wp-json\/wp\/v2\/types\/product"}],"wp:featuredmedia":[{"embeddable":true,"href":"https:\/\/redfirepits.eu\/fr\/wp-json\/wp\/v2\/media\/5089"}],"wp:attachment":[{"href":"https:\/\/redfirepits.eu\/fr\/wp-json\/wp\/v2\/media?parent=5167"}],"wp:term":[{"taxonomy":"product_brand","embeddable":true,"href":"https:\/\/redfirepits.eu\/fr\/wp-json\/wp\/v2\/product_brand?post=5167"},{"taxonomy":"product_cat","embeddable":true,"href":"https:\/\/redfirepits.eu\/fr\/wp-json\/wp\/v2\/product_cat?post=5167"},{"taxonomy":"product_tag","embeddable":true,"href":"https:\/\/redfirepits.eu\/fr\/wp-json\/wp\/v2\/product_tag?post=5167"}],"curies":[{"name":"wp","href":"https:\/\/api.w.org\/{rel}","templated":true}]}}