{"id":5169,"date":"2022-05-12T09:01:54","date_gmt":"2022-05-12T08:01:54","guid":{"rendered":"https:\/\/redfirepits.eu\/?post_type=product&#038;p=5169"},"modified":"2022-09-12T16:58:54","modified_gmt":"2022-09-12T15:58:54","slug":"handmade-fire-pit-logger-medium-with-wooden-base","status":"publish","type":"product","link":"https:\/\/redfirepits.eu\/fr\/produit\/handmade-fire-pit-logger-medium-with-wooden-base\/","title":{"rendered":"Handmade Fire Pit Logger Medium with Wooden Base"},"excerpt":{"rendered":"<p>Cet \u00e9l\u00e9gant bol \u00e0 feu de RedFire pr\u00e9sente une combinaison d&rsquo;une base en bois et d&rsquo;une \u00e9chelle rouill\u00e9e. Le Logger a un aspect accrocheur plus t\u00f4t que la moyenne des foyers et des coupes \u00e0 feu. Son look rural s&rsquo;int\u00e8gre parfaitement dans le jardin.<\/p>\n","protected":false},"featured_media":5113,"template":"","meta":{"inline_featured_image":false},"product_brand":[],"product_cat":[1370],"product_tag":[],"class_list":{"0":"post-5169","1":"product","2":"type-product","3":"status-publish","4":"has-post-thumbnail","6":"product_cat-handmade-fr","8":"first","9":"instock","10":"taxable","11":"shipping-taxable","12":"purchasable","13":"product-type-simple"},"_links":{"self":[{"href":"https:\/\/redfirepits.eu\/fr\/wp-json\/wp\/v2\/product\/5169","targetHints":{"allow":["GET"]}}],"collection":[{"href":"https:\/\/redfirepits.eu\/fr\/wp-json\/wp\/v2\/product"}],"about":[{"href":"https:\/\/redfirepits.eu\/fr\/wp-json\/wp\/v2\/types\/product"}],"wp:featuredmedia":[{"embeddable":true,"href":"https:\/\/redfirepits.eu\/fr\/wp-json\/wp\/v2\/media\/5113"}],"wp:attachment":[{"href":"https:\/\/redfirepits.eu\/fr\/wp-json\/wp\/v2\/media?parent=5169"}],"wp:term":[{"taxonomy":"product_brand","embeddable":true,"href":"https:\/\/redfirepits.eu\/fr\/wp-json\/wp\/v2\/product_brand?post=5169"},{"taxonomy":"product_cat","embeddable":true,"href":"https:\/\/redfirepits.eu\/fr\/wp-json\/wp\/v2\/product_cat?post=5169"},{"taxonomy":"product_tag","embeddable":true,"href":"https:\/\/redfirepits.eu\/fr\/wp-json\/wp\/v2\/product_tag?post=5169"}],"curies":[{"name":"wp","href":"https:\/\/api.w.org\/{rel}","templated":true}]}}