{"id":5170,"date":"2022-05-12T09:02:06","date_gmt":"2022-05-12T08:02:06","guid":{"rendered":"https:\/\/redfirepits.eu\/?post_type=product&#038;p=5170"},"modified":"2026-04-03T09:28:49","modified_gmt":"2026-04-03T08:28:49","slug":"midland-brasero-avec-grille-de-barbecue-noir","status":"publish","type":"product","link":"https:\/\/redfirepits.eu\/fr\/produit\/midland-brasero-avec-grille-de-barbecue-noir\/","title":{"rendered":"Midland Brasero Avec Grille De Barbecue Noir"},"excerpt":{"rendered":"<p>Le brasero RedFire Midland r\u00e9unit le plaisir d\u2019un feu de bois et la cuisine en plein air. Ce mod\u00e8le \u00e9l\u00e9gant combine un brasero spacieux avec une grille pratique, vous permettant de cuisiner directement au-dessus des flammes.\u00a0Placez la grille au-dessus du feu pour pr\u00e9parer facilement un steak, des fruits de mer ou des l\u00e9gumes grill\u00e9s. Gr\u00e2ce \u00e0 la surface g\u00e9n\u00e9reuse du brasero et de la grille, vous pouvez pr\u00e9parer un repas pour quatre \u00e0 cinq personnes.<\/p>\n","protected":false},"featured_media":4801,"template":"","meta":{"inline_featured_image":false},"product_brand":[],"product_cat":[1373],"product_tag":[],"class_list":{"0":"post-5170","1":"product","2":"type-product","3":"status-publish","4":"has-post-thumbnail","6":"product_cat-classics-fr-2","8":"first","9":"instock","10":"purchasable","11":"product-type-simple"},"_links":{"self":[{"href":"https:\/\/redfirepits.eu\/fr\/wp-json\/wp\/v2\/product\/5170","targetHints":{"allow":["GET"]}}],"collection":[{"href":"https:\/\/redfirepits.eu\/fr\/wp-json\/wp\/v2\/product"}],"about":[{"href":"https:\/\/redfirepits.eu\/fr\/wp-json\/wp\/v2\/types\/product"}],"wp:featuredmedia":[{"embeddable":true,"href":"https:\/\/redfirepits.eu\/fr\/wp-json\/wp\/v2\/media\/4801"}],"wp:attachment":[{"href":"https:\/\/redfirepits.eu\/fr\/wp-json\/wp\/v2\/media?parent=5170"}],"wp:term":[{"taxonomy":"product_brand","embeddable":true,"href":"https:\/\/redfirepits.eu\/fr\/wp-json\/wp\/v2\/product_brand?post=5170"},{"taxonomy":"product_cat","embeddable":true,"href":"https:\/\/redfirepits.eu\/fr\/wp-json\/wp\/v2\/product_cat?post=5170"},{"taxonomy":"product_tag","embeddable":true,"href":"https:\/\/redfirepits.eu\/fr\/wp-json\/wp\/v2\/product_tag?post=5170"}],"curies":[{"name":"wp","href":"https:\/\/api.w.org\/{rel}","templated":true}]}}