{"id":5172,"date":"2022-05-12T09:02:00","date_gmt":"2022-05-12T08:02:00","guid":{"rendered":"https:\/\/redfirepits.eu\/?post_type=product&#038;p=5172"},"modified":"2025-07-08T12:34:19","modified_gmt":"2025-07-08T11:34:19","slug":"onyx-barbecue-classique-80-cm-noir","status":"publish","type":"product","link":"https:\/\/redfirepits.eu\/fr\/produit\/onyx-barbecue-classique-80-cm-noir\/","title":{"rendered":"ONYX Barbecue Classique 80 cm Noir"},"excerpt":{"rendered":"<p data-start=\"349\" data-end=\"615\">Ce barbecue \/ brasero de jardin spacieux est une belle addition \u00e0 votre jardin, alliant style et fonctionnalit\u00e9. Avec ce brasero conique accrocheur dot\u00e9 d\u2019un large anneau plancha, vous pouvez griller en un rien de temps de d\u00e9licieux steaks, fruits de mer et l\u00e9gumes.<\/p>\n","protected":false},"featured_media":6643,"template":"","meta":{"inline_featured_image":false},"product_brand":[],"product_cat":[1373],"product_tag":[],"class_list":{"0":"post-5172","1":"product","2":"type-product","3":"status-publish","4":"has-post-thumbnail","6":"product_cat-classics-fr-2","8":"first","9":"outofstock","10":"taxable","11":"shipping-taxable","12":"purchasable","13":"product-type-simple"},"_links":{"self":[{"href":"https:\/\/redfirepits.eu\/fr\/wp-json\/wp\/v2\/product\/5172","targetHints":{"allow":["GET"]}}],"collection":[{"href":"https:\/\/redfirepits.eu\/fr\/wp-json\/wp\/v2\/product"}],"about":[{"href":"https:\/\/redfirepits.eu\/fr\/wp-json\/wp\/v2\/types\/product"}],"wp:featuredmedia":[{"embeddable":true,"href":"https:\/\/redfirepits.eu\/fr\/wp-json\/wp\/v2\/media\/6643"}],"wp:attachment":[{"href":"https:\/\/redfirepits.eu\/fr\/wp-json\/wp\/v2\/media?parent=5172"}],"wp:term":[{"taxonomy":"product_brand","embeddable":true,"href":"https:\/\/redfirepits.eu\/fr\/wp-json\/wp\/v2\/product_brand?post=5172"},{"taxonomy":"product_cat","embeddable":true,"href":"https:\/\/redfirepits.eu\/fr\/wp-json\/wp\/v2\/product_cat?post=5172"},{"taxonomy":"product_tag","embeddable":true,"href":"https:\/\/redfirepits.eu\/fr\/wp-json\/wp\/v2\/product_tag?post=5172"}],"curies":[{"name":"wp","href":"https:\/\/api.w.org\/{rel}","templated":true}]}}