{"id":5174,"date":"2022-05-12T09:01:54","date_gmt":"2022-05-12T08:01:54","guid":{"rendered":"https:\/\/redfirepits.eu\/?post_type=product&#038;p=5174"},"modified":"2026-04-08T09:42:56","modified_gmt":"2026-04-08T08:42:56","slug":"oulu-corbeille-a-feu-industrielle","status":"publish","type":"product","link":"https:\/\/redfirepits.eu\/fr\/produit\/oulu-corbeille-a-feu-industrielle\/","title":{"rendered":"Oulu Corbeille \u00e0 feu Industrielle"},"excerpt":{"rendered":"<p>Le RedFire Oulu est un brasero robuste et \u00e9l\u00e9gant qui apporte imm\u00e9diatement chaleur et ambiance \u00e0 votre jardin ou terrasse. Avec son style industriel et son format g\u00e9n\u00e9reux, ce brasero devient rapidement l\u2019\u00e9l\u00e9ment central lors de soir\u00e9es conviviales en ext\u00e9rieur avec famille ou amis.<\/p>\n","protected":false},"featured_media":6405,"template":"","meta":{"inline_featured_image":false},"product_brand":[],"product_cat":[1371],"product_tag":[],"class_list":{"0":"post-5174","1":"product","2":"type-product","3":"status-publish","4":"has-post-thumbnail","6":"product_cat-premium-fr","8":"first","9":"instock","10":"taxable","11":"shipping-taxable","12":"purchasable","13":"product-type-simple"},"_links":{"self":[{"href":"https:\/\/redfirepits.eu\/fr\/wp-json\/wp\/v2\/product\/5174","targetHints":{"allow":["GET"]}}],"collection":[{"href":"https:\/\/redfirepits.eu\/fr\/wp-json\/wp\/v2\/product"}],"about":[{"href":"https:\/\/redfirepits.eu\/fr\/wp-json\/wp\/v2\/types\/product"}],"wp:featuredmedia":[{"embeddable":true,"href":"https:\/\/redfirepits.eu\/fr\/wp-json\/wp\/v2\/media\/6405"}],"wp:attachment":[{"href":"https:\/\/redfirepits.eu\/fr\/wp-json\/wp\/v2\/media?parent=5174"}],"wp:term":[{"taxonomy":"product_brand","embeddable":true,"href":"https:\/\/redfirepits.eu\/fr\/wp-json\/wp\/v2\/product_brand?post=5174"},{"taxonomy":"product_cat","embeddable":true,"href":"https:\/\/redfirepits.eu\/fr\/wp-json\/wp\/v2\/product_cat?post=5174"},{"taxonomy":"product_tag","embeddable":true,"href":"https:\/\/redfirepits.eu\/fr\/wp-json\/wp\/v2\/product_tag?post=5174"}],"curies":[{"name":"wp","href":"https:\/\/api.w.org\/{rel}","templated":true}]}}