{"id":5177,"date":"2022-05-12T09:01:54","date_gmt":"2022-05-12T08:01:54","guid":{"rendered":"https:\/\/redfirepits.eu\/?post_type=product&#038;p=5177"},"modified":"2026-04-08T09:54:57","modified_gmt":"2026-04-08T08:54:57","slug":"tervo-brasero-noir-industriel","status":"publish","type":"product","link":"https:\/\/redfirepits.eu\/fr\/produit\/tervo-brasero-noir-industriel\/","title":{"rendered":"Tervo Brasero Noir\/Industriel"},"excerpt":{"rendered":"<p data-start=\"323\" data-end=\"551\">Le RedFire Tervo est un brasero design puissant o\u00f9 des lignes rectangulaires \u00e9pur\u00e9es rencontrent une forme triangulaire audacieuse. Cette combinaison conf\u00e8re au Tervo un caract\u00e8re industriel moderne qui apporte imm\u00e9diatement style et personnalit\u00e9 \u00e0 tout jardin ou terrasse.<\/p>\n","protected":false},"featured_media":4953,"template":"","meta":{"inline_featured_image":false},"product_brand":[],"product_cat":[1371],"product_tag":[],"class_list":{"0":"post-5177","1":"product","2":"type-product","3":"status-publish","4":"has-post-thumbnail","6":"product_cat-premium-fr","8":"first","9":"instock","10":"taxable","11":"shipping-taxable","12":"purchasable","13":"product-type-simple"},"_links":{"self":[{"href":"https:\/\/redfirepits.eu\/fr\/wp-json\/wp\/v2\/product\/5177","targetHints":{"allow":["GET"]}}],"collection":[{"href":"https:\/\/redfirepits.eu\/fr\/wp-json\/wp\/v2\/product"}],"about":[{"href":"https:\/\/redfirepits.eu\/fr\/wp-json\/wp\/v2\/types\/product"}],"wp:featuredmedia":[{"embeddable":true,"href":"https:\/\/redfirepits.eu\/fr\/wp-json\/wp\/v2\/media\/4953"}],"wp:attachment":[{"href":"https:\/\/redfirepits.eu\/fr\/wp-json\/wp\/v2\/media?parent=5177"}],"wp:term":[{"taxonomy":"product_brand","embeddable":true,"href":"https:\/\/redfirepits.eu\/fr\/wp-json\/wp\/v2\/product_brand?post=5177"},{"taxonomy":"product_cat","embeddable":true,"href":"https:\/\/redfirepits.eu\/fr\/wp-json\/wp\/v2\/product_cat?post=5177"},{"taxonomy":"product_tag","embeddable":true,"href":"https:\/\/redfirepits.eu\/fr\/wp-json\/wp\/v2\/product_tag?post=5177"}],"curies":[{"name":"wp","href":"https:\/\/api.w.org\/{rel}","templated":true}]}}