{"id":5178,"date":"2022-05-12T09:01:54","date_gmt":"2022-05-12T08:01:54","guid":{"rendered":"https:\/\/redfirepits.eu\/?post_type=product&#038;p=5178"},"modified":"2025-07-09T10:33:53","modified_gmt":"2025-07-09T09:33:53","slug":"thor-mini-fait-main-110-cm-rouille","status":"publish","type":"product","link":"https:\/\/redfirepits.eu\/fr\/produit\/thor-mini-fait-main-110-cm-rouille\/","title":{"rendered":"Thor Mini Fait Main 110 cm Rouille"},"excerpt":{"rendered":"<p>Ce brasero de terrasse RedFire Thor, robuste et fait main, apporte une touche remarquable \u00e0 votre jardin ou terrasse gr\u00e2ce \u00e0 sa finition rouill\u00e9e saisissante. Avec une hauteur compacte de 110 centim\u00e8tres et une largeur de 33 centim\u00e8tres, ce produit RedFire trouve facilement sa place m\u00eame dans les petits jardins.<\/p>\n","protected":false},"featured_media":5101,"template":"","meta":{"inline_featured_image":false},"product_brand":[],"product_cat":[1370],"product_tag":[],"class_list":{"0":"post-5178","1":"product","2":"type-product","3":"status-publish","4":"has-post-thumbnail","6":"product_cat-handmade-fr","8":"first","9":"instock","10":"taxable","11":"shipping-taxable","12":"purchasable","13":"product-type-simple"},"_links":{"self":[{"href":"https:\/\/redfirepits.eu\/fr\/wp-json\/wp\/v2\/product\/5178","targetHints":{"allow":["GET"]}}],"collection":[{"href":"https:\/\/redfirepits.eu\/fr\/wp-json\/wp\/v2\/product"}],"about":[{"href":"https:\/\/redfirepits.eu\/fr\/wp-json\/wp\/v2\/types\/product"}],"wp:featuredmedia":[{"embeddable":true,"href":"https:\/\/redfirepits.eu\/fr\/wp-json\/wp\/v2\/media\/5101"}],"wp:attachment":[{"href":"https:\/\/redfirepits.eu\/fr\/wp-json\/wp\/v2\/media?parent=5178"}],"wp:term":[{"taxonomy":"product_brand","embeddable":true,"href":"https:\/\/redfirepits.eu\/fr\/wp-json\/wp\/v2\/product_brand?post=5178"},{"taxonomy":"product_cat","embeddable":true,"href":"https:\/\/redfirepits.eu\/fr\/wp-json\/wp\/v2\/product_cat?post=5178"},{"taxonomy":"product_tag","embeddable":true,"href":"https:\/\/redfirepits.eu\/fr\/wp-json\/wp\/v2\/product_tag?post=5178"}],"curies":[{"name":"wp","href":"https:\/\/api.w.org\/{rel}","templated":true}]}}