{"id":5179,"date":"2022-05-12T09:01:54","date_gmt":"2022-05-12T08:01:54","guid":{"rendered":"https:\/\/redfirepits.eu\/?post_type=product&#038;p=5179"},"modified":"2025-07-08T14:52:59","modified_gmt":"2025-07-08T13:52:59","slug":"tornio-brasero-industriel","status":"publish","type":"product","link":"https:\/\/redfirepits.eu\/fr\/produit\/tornio-brasero-industriel\/","title":{"rendered":"Tornio Brasero Industriel"},"excerpt":{"rendered":"<p>Avec un design contemporain, le brasero RedFire Tornio est id\u00e9al pour de nombreuses soir\u00e9es chaleureuses dans le jardin tout au long de l&rsquo;ann\u00e9e. Ce brasero en acier huil\u00e9, de haute qualit\u00e9, fini \u00e0 la main, s&rsquo;harmonise avec tous les styles de jardin, en hiver comme en \u00e9t\u00e9, et durera de nombreuses ann\u00e9es.<\/p>\n","protected":false},"featured_media":4912,"template":"","meta":{"inline_featured_image":false},"product_brand":[],"product_cat":[1371],"product_tag":[],"class_list":{"0":"post-5179","1":"product","2":"type-product","3":"status-publish","4":"has-post-thumbnail","6":"product_cat-premium-fr","8":"first","9":"instock","10":"taxable","11":"shipping-taxable","12":"purchasable","13":"product-type-simple"},"_links":{"self":[{"href":"https:\/\/redfirepits.eu\/fr\/wp-json\/wp\/v2\/product\/5179","targetHints":{"allow":["GET"]}}],"collection":[{"href":"https:\/\/redfirepits.eu\/fr\/wp-json\/wp\/v2\/product"}],"about":[{"href":"https:\/\/redfirepits.eu\/fr\/wp-json\/wp\/v2\/types\/product"}],"wp:featuredmedia":[{"embeddable":true,"href":"https:\/\/redfirepits.eu\/fr\/wp-json\/wp\/v2\/media\/4912"}],"wp:attachment":[{"href":"https:\/\/redfirepits.eu\/fr\/wp-json\/wp\/v2\/media?parent=5179"}],"wp:term":[{"taxonomy":"product_brand","embeddable":true,"href":"https:\/\/redfirepits.eu\/fr\/wp-json\/wp\/v2\/product_brand?post=5179"},{"taxonomy":"product_cat","embeddable":true,"href":"https:\/\/redfirepits.eu\/fr\/wp-json\/wp\/v2\/product_cat?post=5179"},{"taxonomy":"product_tag","embeddable":true,"href":"https:\/\/redfirepits.eu\/fr\/wp-json\/wp\/v2\/product_tag?post=5179"}],"curies":[{"name":"wp","href":"https:\/\/api.w.org\/{rel}","templated":true}]}}