{"id":6748,"date":"2025-02-12T13:27:48","date_gmt":"2025-02-12T12:27:48","guid":{"rendered":"https:\/\/redfirepits.eu\/?post_type=product&#038;p=6748"},"modified":"2025-07-02T13:07:25","modified_gmt":"2025-07-02T12:07:25","slug":"selki-brasero-rouille","status":"publish","type":"product","link":"https:\/\/redfirepits.eu\/fr\/produit\/selki-brasero-rouille\/","title":{"rendered":"Selki Brasero Rouille"},"excerpt":{"rendered":"<p>Vous souhaitez allier style et fonctionnalit\u00e9 ? C\u2019est tout \u00e0 fait possible avec ce brasero tendance avec rangement \u00e0 bois int\u00e9gr\u00e9. Vous ne savez pas o\u00f9 ranger votre bois de chauffage ? Avec le rangement \u00e0 bois Selki, vous stockez facilement votre bois et l\u2019avez \u00e0 port\u00e9e de main pour une soir\u00e9e conviviale dans le jardin. La finition rouille tendance anticipe le processus naturel de corrosion, ce qui vous permet de laisser ce brasero dehors sans protection. Le look rouille ne fera que s\u2019intensifier avec le temps.<\/p>\n","protected":false},"featured_media":6295,"template":"","meta":{"inline_featured_image":false},"product_brand":[],"product_cat":[1370],"product_tag":[1656],"class_list":{"0":"post-6748","1":"product","2":"type-product","3":"status-publish","4":"has-post-thumbnail","6":"product_cat-handmade-fr","7":"product_tag-sortie","9":"first","10":"instock","11":"sale","12":"taxable","13":"shipping-taxable","14":"purchasable","15":"product-type-simple"},"_links":{"self":[{"href":"https:\/\/redfirepits.eu\/fr\/wp-json\/wp\/v2\/product\/6748","targetHints":{"allow":["GET"]}}],"collection":[{"href":"https:\/\/redfirepits.eu\/fr\/wp-json\/wp\/v2\/product"}],"about":[{"href":"https:\/\/redfirepits.eu\/fr\/wp-json\/wp\/v2\/types\/product"}],"wp:featuredmedia":[{"embeddable":true,"href":"https:\/\/redfirepits.eu\/fr\/wp-json\/wp\/v2\/media\/6295"}],"wp:attachment":[{"href":"https:\/\/redfirepits.eu\/fr\/wp-json\/wp\/v2\/media?parent=6748"}],"wp:term":[{"taxonomy":"product_brand","embeddable":true,"href":"https:\/\/redfirepits.eu\/fr\/wp-json\/wp\/v2\/product_brand?post=6748"},{"taxonomy":"product_cat","embeddable":true,"href":"https:\/\/redfirepits.eu\/fr\/wp-json\/wp\/v2\/product_cat?post=6748"},{"taxonomy":"product_tag","embeddable":true,"href":"https:\/\/redfirepits.eu\/fr\/wp-json\/wp\/v2\/product_tag?post=6748"}],"curies":[{"name":"wp","href":"https:\/\/api.w.org\/{rel}","templated":true}]}}