{"id":6763,"date":"2025-02-12T12:34:10","date_gmt":"2025-02-12T11:34:10","guid":{"rendered":"https:\/\/redfirepits.eu\/?post_type=product&#038;p=6763"},"modified":"2025-07-02T12:47:07","modified_gmt":"2025-07-02T11:47:07","slug":"helsinki-brasero-argent","status":"publish","type":"product","link":"https:\/\/redfirepits.eu\/fr\/produit\/helsinki-brasero-argent\/","title":{"rendered":"Helsinki Brasero Argent"},"excerpt":{"rendered":"<p>Avec ce brasero lourd et durable de la collection RedFire, vous ferez sensation lorsque vos amis ou votre famille viendront pour une soir\u00e9e conviviale dans le jardin. Ce brasero en acier huil\u00e9, de haute qualit\u00e9 et fini \u00e0 la main, s\u2019harmonisera avec tous les styles de jardin, en hiver comme en \u00e9t\u00e9, et durera de nombreuses ann\u00e9es.<\/p>\n","protected":false},"featured_media":6267,"template":"","meta":{"inline_featured_image":false},"product_brand":[],"product_cat":[1368,1371],"product_tag":[1656],"class_list":{"0":"post-6763","1":"product","2":"type-product","3":"status-publish","4":"has-post-thumbnail","6":"product_cat-fire-fr","7":"product_cat-premium-fr","8":"product_tag-sortie","10":"first","11":"instock","12":"sale","13":"taxable","14":"shipping-taxable","15":"purchasable","16":"product-type-simple"},"_links":{"self":[{"href":"https:\/\/redfirepits.eu\/fr\/wp-json\/wp\/v2\/product\/6763","targetHints":{"allow":["GET"]}}],"collection":[{"href":"https:\/\/redfirepits.eu\/fr\/wp-json\/wp\/v2\/product"}],"about":[{"href":"https:\/\/redfirepits.eu\/fr\/wp-json\/wp\/v2\/types\/product"}],"wp:featuredmedia":[{"embeddable":true,"href":"https:\/\/redfirepits.eu\/fr\/wp-json\/wp\/v2\/media\/6267"}],"wp:attachment":[{"href":"https:\/\/redfirepits.eu\/fr\/wp-json\/wp\/v2\/media?parent=6763"}],"wp:term":[{"taxonomy":"product_brand","embeddable":true,"href":"https:\/\/redfirepits.eu\/fr\/wp-json\/wp\/v2\/product_brand?post=6763"},{"taxonomy":"product_cat","embeddable":true,"href":"https:\/\/redfirepits.eu\/fr\/wp-json\/wp\/v2\/product_cat?post=6763"},{"taxonomy":"product_tag","embeddable":true,"href":"https:\/\/redfirepits.eu\/fr\/wp-json\/wp\/v2\/product_tag?post=6763"}],"curies":[{"name":"wp","href":"https:\/\/api.w.org\/{rel}","templated":true}]}}