{"id":6808,"date":"2024-12-17T11:24:59","date_gmt":"2024-12-17T10:24:59","guid":{"rendered":"https:\/\/redfirepits.eu\/?post_type=product&#038;p=6808"},"modified":"2026-04-02T11:10:13","modified_gmt":"2026-04-02T10:10:13","slug":"kansas-corbeille-a-feu-noir","status":"publish","type":"product","link":"https:\/\/redfirepits.eu\/fr\/produit\/kansas-corbeille-a-feu-noir\/","title":{"rendered":"Kansas Corbeille \u00e0 feu Noir"},"excerpt":{"rendered":"<p>Cr\u00e9ez une ambiance chaleureuse dans votre jardin avec le brasero RedFire Kansas. Gr\u00e2ce \u00e0 son design \u00e9l\u00e9gant et \u00e0 sa finition soign\u00e9e, ce brasero devient un v\u00e9ritable \u00e9l\u00e9ment d\u00e9coratif pour votre terrasse ou votre jardin.<\/p>\n","protected":false},"featured_media":6797,"template":"","meta":{"inline_featured_image":false},"product_brand":[],"product_cat":[1369],"product_tag":[],"class_list":{"0":"post-6808","1":"product","2":"type-product","3":"status-publish","4":"has-post-thumbnail","6":"product_cat-classics-fr","8":"first","9":"instock","10":"taxable","11":"shipping-taxable","12":"purchasable","13":"product-type-simple"},"_links":{"self":[{"href":"https:\/\/redfirepits.eu\/fr\/wp-json\/wp\/v2\/product\/6808","targetHints":{"allow":["GET"]}}],"collection":[{"href":"https:\/\/redfirepits.eu\/fr\/wp-json\/wp\/v2\/product"}],"about":[{"href":"https:\/\/redfirepits.eu\/fr\/wp-json\/wp\/v2\/types\/product"}],"wp:featuredmedia":[{"embeddable":true,"href":"https:\/\/redfirepits.eu\/fr\/wp-json\/wp\/v2\/media\/6797"}],"wp:attachment":[{"href":"https:\/\/redfirepits.eu\/fr\/wp-json\/wp\/v2\/media?parent=6808"}],"wp:term":[{"taxonomy":"product_brand","embeddable":true,"href":"https:\/\/redfirepits.eu\/fr\/wp-json\/wp\/v2\/product_brand?post=6808"},{"taxonomy":"product_cat","embeddable":true,"href":"https:\/\/redfirepits.eu\/fr\/wp-json\/wp\/v2\/product_cat?post=6808"},{"taxonomy":"product_tag","embeddable":true,"href":"https:\/\/redfirepits.eu\/fr\/wp-json\/wp\/v2\/product_tag?post=6808"}],"curies":[{"name":"wp","href":"https:\/\/api.w.org\/{rel}","templated":true}]}}