{"id":6830,"date":"2024-12-17T11:23:07","date_gmt":"2024-12-17T10:23:07","guid":{"rendered":"https:\/\/redfirepits.eu\/?post_type=product&#038;p=6830"},"modified":"2026-04-02T12:36:25","modified_gmt":"2026-04-02T11:36:25","slug":"milshire-baril-de-feu-noir","status":"publish","type":"product","link":"https:\/\/redfirepits.eu\/fr\/produit\/milshire-baril-de-feu-noir\/","title":{"rendered":"Milshire Baril de Feu Noir"},"excerpt":{"rendered":"<p>Le cr\u00e9pitement du bois, des aliments qui grillent au-dessus des flammes et les b\u00fbches \u00e0 port\u00e9e de main. Le brasero tonneau RedFire Milshire est con\u00e7u pour les soir\u00e9es o\u00f9 l\u2019on profite pleinement de l\u2019ext\u00e9rieur. Ce mod\u00e8le compact combine un feu de bois chaleureux avec la possibilit\u00e9 de cuisiner directement au-dessus des flammes.<\/p>\n","protected":false},"featured_media":6822,"template":"","meta":{"inline_featured_image":false},"product_brand":[],"product_cat":[1373],"product_tag":[],"class_list":{"0":"post-6830","1":"product","2":"type-product","3":"status-publish","4":"has-post-thumbnail","6":"product_cat-classics-fr-2","8":"first","9":"instock","10":"taxable","11":"shipping-taxable","12":"purchasable","13":"product-type-simple"},"_links":{"self":[{"href":"https:\/\/redfirepits.eu\/fr\/wp-json\/wp\/v2\/product\/6830","targetHints":{"allow":["GET"]}}],"collection":[{"href":"https:\/\/redfirepits.eu\/fr\/wp-json\/wp\/v2\/product"}],"about":[{"href":"https:\/\/redfirepits.eu\/fr\/wp-json\/wp\/v2\/types\/product"}],"wp:featuredmedia":[{"embeddable":true,"href":"https:\/\/redfirepits.eu\/fr\/wp-json\/wp\/v2\/media\/6822"}],"wp:attachment":[{"href":"https:\/\/redfirepits.eu\/fr\/wp-json\/wp\/v2\/media?parent=6830"}],"wp:term":[{"taxonomy":"product_brand","embeddable":true,"href":"https:\/\/redfirepits.eu\/fr\/wp-json\/wp\/v2\/product_brand?post=6830"},{"taxonomy":"product_cat","embeddable":true,"href":"https:\/\/redfirepits.eu\/fr\/wp-json\/wp\/v2\/product_cat?post=6830"},{"taxonomy":"product_tag","embeddable":true,"href":"https:\/\/redfirepits.eu\/fr\/wp-json\/wp\/v2\/product_tag?post=6830"}],"curies":[{"name":"wp","href":"https:\/\/api.w.org\/{rel}","templated":true}]}}