{"id":6863,"date":"2024-12-17T10:58:27","date_gmt":"2024-12-17T09:58:27","guid":{"rendered":"https:\/\/redfirepits.eu\/?post_type=product&#038;p=6863"},"modified":"2026-04-02T10:29:31","modified_gmt":"2026-04-02T09:29:31","slug":"baylor-corbeille-a-feu-noir","status":"publish","type":"product","link":"https:\/\/redfirepits.eu\/fr\/produit\/baylor-corbeille-a-feu-noir\/","title":{"rendered":"Baylor Corbeille \u00e0 feu Noir"},"excerpt":{"rendered":"<p>Le brasero RedFire Baylor combine design moderne et fonctionnalit\u00e9. Son design ouvert avec piliers offre une vue claire sur les flammes tout en maintenant les b\u00fbches en place.\u00a0Gr\u00e2ce \u00e0 sa taille g\u00e9n\u00e9reuse, le Baylor peut accueillir plusieurs b\u00fbches en m\u00eame temps. Id\u00e9al pour profiter de longues soir\u00e9es en ext\u00e9rieur autour d\u2019un feu chaleureux.<\/p>\n","protected":false},"featured_media":6858,"template":"","meta":{"inline_featured_image":false},"product_brand":[],"product_cat":[1369],"product_tag":[],"class_list":{"0":"post-6863","1":"product","2":"type-product","3":"status-publish","4":"has-post-thumbnail","6":"product_cat-classics-fr","8":"first","9":"instock","10":"taxable","11":"shipping-taxable","12":"purchasable","13":"product-type-simple"},"_links":{"self":[{"href":"https:\/\/redfirepits.eu\/fr\/wp-json\/wp\/v2\/product\/6863","targetHints":{"allow":["GET"]}}],"collection":[{"href":"https:\/\/redfirepits.eu\/fr\/wp-json\/wp\/v2\/product"}],"about":[{"href":"https:\/\/redfirepits.eu\/fr\/wp-json\/wp\/v2\/types\/product"}],"wp:featuredmedia":[{"embeddable":true,"href":"https:\/\/redfirepits.eu\/fr\/wp-json\/wp\/v2\/media\/6858"}],"wp:attachment":[{"href":"https:\/\/redfirepits.eu\/fr\/wp-json\/wp\/v2\/media?parent=6863"}],"wp:term":[{"taxonomy":"product_brand","embeddable":true,"href":"https:\/\/redfirepits.eu\/fr\/wp-json\/wp\/v2\/product_brand?post=6863"},{"taxonomy":"product_cat","embeddable":true,"href":"https:\/\/redfirepits.eu\/fr\/wp-json\/wp\/v2\/product_cat?post=6863"},{"taxonomy":"product_tag","embeddable":true,"href":"https:\/\/redfirepits.eu\/fr\/wp-json\/wp\/v2\/product_tag?post=6863"}],"curies":[{"name":"wp","href":"https:\/\/api.w.org\/{rel}","templated":true}]}}