{"id":6884,"date":"2024-12-17T10:57:27","date_gmt":"2024-12-17T09:57:27","guid":{"rendered":"https:\/\/redfirepits.eu\/?post_type=product&#038;p=6884"},"modified":"2025-07-02T10:53:54","modified_gmt":"2025-07-02T09:53:54","slug":"barkley-corbeille-a-feu-noir","status":"publish","type":"product","link":"https:\/\/redfirepits.eu\/fr\/produit\/barkley-corbeille-a-feu-noir\/","title":{"rendered":"Barkley Corbeille \u00e0 feu Noir"},"excerpt":{"rendered":"<p>Le brasero RedFire Barkley apporte une atmosph\u00e8re unique \u00e0 votre jardin. Avec sa taille g\u00e9n\u00e9reuse et son beau design, il s&rsquo;adapte parfaitement \u00e0 tous les styles de jardin. Profitez de la chaleur et des flammes lorsque le brasero devient la pi\u00e8ce ma\u00eetresse de votre jardin.<\/p>\n","protected":false},"featured_media":6873,"template":"","meta":{"inline_featured_image":false},"product_brand":[],"product_cat":[1369],"product_tag":[],"class_list":{"0":"post-6884","1":"product","2":"type-product","3":"status-publish","4":"has-post-thumbnail","6":"product_cat-classics-fr","8":"first","9":"outofstock","10":"taxable","11":"shipping-taxable","12":"purchasable","13":"product-type-simple"},"_links":{"self":[{"href":"https:\/\/redfirepits.eu\/fr\/wp-json\/wp\/v2\/product\/6884","targetHints":{"allow":["GET"]}}],"collection":[{"href":"https:\/\/redfirepits.eu\/fr\/wp-json\/wp\/v2\/product"}],"about":[{"href":"https:\/\/redfirepits.eu\/fr\/wp-json\/wp\/v2\/types\/product"}],"wp:featuredmedia":[{"embeddable":true,"href":"https:\/\/redfirepits.eu\/fr\/wp-json\/wp\/v2\/media\/6873"}],"wp:attachment":[{"href":"https:\/\/redfirepits.eu\/fr\/wp-json\/wp\/v2\/media?parent=6884"}],"wp:term":[{"taxonomy":"product_brand","embeddable":true,"href":"https:\/\/redfirepits.eu\/fr\/wp-json\/wp\/v2\/product_brand?post=6884"},{"taxonomy":"product_cat","embeddable":true,"href":"https:\/\/redfirepits.eu\/fr\/wp-json\/wp\/v2\/product_cat?post=6884"},{"taxonomy":"product_tag","embeddable":true,"href":"https:\/\/redfirepits.eu\/fr\/wp-json\/wp\/v2\/product_tag?post=6884"}],"curies":[{"name":"wp","href":"https:\/\/api.w.org\/{rel}","templated":true}]}}