{"id":6924,"date":"2024-12-17T10:52:10","date_gmt":"2024-12-17T09:52:10","guid":{"rendered":"https:\/\/redfirepits.eu\/?post_type=product&#038;p=6924"},"modified":"2025-07-02T10:54:48","modified_gmt":"2025-07-02T09:54:48","slug":"tulsa-corbeille-a-feu-rouille","status":"publish","type":"product","link":"https:\/\/redfirepits.eu\/fr\/produit\/tulsa-corbeille-a-feu-rouille\/","title":{"rendered":"Tulsa  Corbeille \u00e0 feu Rouille"},"excerpt":{"rendered":"<p>Le RedFire Tulsa Firebowl apporte une ambiance abordable \u00e0 votre jardin. Facile \u00e0 assembler avec un tr\u00e9pied solide. Bol amovible pour un nettoyage facile. Avec un diam\u00e8tre de 47 cm et une hauteur de 21 cm, il est parfait pour accueillir plusieurs b\u00fbches. Profitez de la chaleur et de l&rsquo;atmosph\u00e8re de votre espace ext\u00e9rieur !<\/p>\n","protected":false},"featured_media":6919,"template":"","meta":{"inline_featured_image":false},"product_brand":[],"product_cat":[1369],"product_tag":[],"class_list":{"0":"post-6924","1":"product","2":"type-product","3":"status-publish","4":"has-post-thumbnail","6":"product_cat-classics-fr","8":"first","9":"outofstock","10":"taxable","11":"shipping-taxable","12":"purchasable","13":"product-type-simple"},"_links":{"self":[{"href":"https:\/\/redfirepits.eu\/fr\/wp-json\/wp\/v2\/product\/6924","targetHints":{"allow":["GET"]}}],"collection":[{"href":"https:\/\/redfirepits.eu\/fr\/wp-json\/wp\/v2\/product"}],"about":[{"href":"https:\/\/redfirepits.eu\/fr\/wp-json\/wp\/v2\/types\/product"}],"wp:featuredmedia":[{"embeddable":true,"href":"https:\/\/redfirepits.eu\/fr\/wp-json\/wp\/v2\/media\/6919"}],"wp:attachment":[{"href":"https:\/\/redfirepits.eu\/fr\/wp-json\/wp\/v2\/media?parent=6924"}],"wp:term":[{"taxonomy":"product_brand","embeddable":true,"href":"https:\/\/redfirepits.eu\/fr\/wp-json\/wp\/v2\/product_brand?post=6924"},{"taxonomy":"product_cat","embeddable":true,"href":"https:\/\/redfirepits.eu\/fr\/wp-json\/wp\/v2\/product_cat?post=6924"},{"taxonomy":"product_tag","embeddable":true,"href":"https:\/\/redfirepits.eu\/fr\/wp-json\/wp\/v2\/product_tag?post=6924"}],"curies":[{"name":"wp","href":"https:\/\/api.w.org\/{rel}","templated":true}]}}