{"id":6935,"date":"2024-12-17T10:50:43","date_gmt":"2024-12-17T09:50:43","guid":{"rendered":"https:\/\/redfirepits.eu\/?post_type=product&#038;p=6935"},"modified":"2025-07-02T10:41:14","modified_gmt":"2025-07-02T09:41:14","slug":"couverture-lorenzo-noir","status":"publish","type":"product","link":"https:\/\/redfirepits.eu\/fr\/produit\/couverture-lorenzo-noir\/","title":{"rendered":"Couverture Lorenzo Noir"},"excerpt":{"rendered":"<p>Prolongez la dur\u00e9e de vie de votre four \u00e0 pizza RedFire et \u00e9vitez la rouille ! Cette housse CPL17 RedFire pour four \u00e0 pizza est parfaitement adapt\u00e9e et sp\u00e9cialement con\u00e7ue pour prot\u00e9ger le mod\u00e8le Lorenzo des conditions climatiques difficiles.<\/p>\n","protected":false},"featured_media":6930,"template":"","meta":{"inline_featured_image":false},"product_brand":[],"product_cat":[1672],"product_tag":[],"class_list":{"0":"post-6935","1":"product","2":"type-product","3":"status-publish","4":"has-post-thumbnail","6":"product_cat-accessoires-fr","8":"first","9":"instock","10":"taxable","11":"shipping-taxable","12":"purchasable","13":"product-type-simple"},"_links":{"self":[{"href":"https:\/\/redfirepits.eu\/fr\/wp-json\/wp\/v2\/product\/6935","targetHints":{"allow":["GET"]}}],"collection":[{"href":"https:\/\/redfirepits.eu\/fr\/wp-json\/wp\/v2\/product"}],"about":[{"href":"https:\/\/redfirepits.eu\/fr\/wp-json\/wp\/v2\/types\/product"}],"wp:featuredmedia":[{"embeddable":true,"href":"https:\/\/redfirepits.eu\/fr\/wp-json\/wp\/v2\/media\/6930"}],"wp:attachment":[{"href":"https:\/\/redfirepits.eu\/fr\/wp-json\/wp\/v2\/media?parent=6935"}],"wp:term":[{"taxonomy":"product_brand","embeddable":true,"href":"https:\/\/redfirepits.eu\/fr\/wp-json\/wp\/v2\/product_brand?post=6935"},{"taxonomy":"product_cat","embeddable":true,"href":"https:\/\/redfirepits.eu\/fr\/wp-json\/wp\/v2\/product_cat?post=6935"},{"taxonomy":"product_tag","embeddable":true,"href":"https:\/\/redfirepits.eu\/fr\/wp-json\/wp\/v2\/product_tag?post=6935"}],"curies":[{"name":"wp","href":"https:\/\/api.w.org\/{rel}","templated":true}]}}