{"id":6940,"date":"2024-12-17T10:06:49","date_gmt":"2024-12-17T09:06:49","guid":{"rendered":"https:\/\/redfirepits.eu\/?post_type=product&#038;p=6940"},"modified":"2025-07-02T10:55:24","modified_gmt":"2025-07-02T09:55:24","slug":"kotka-corbeille-a-feu-argente","status":"publish","type":"product","link":"https:\/\/redfirepits.eu\/fr\/produit\/kotka-corbeille-a-feu-argente\/","title":{"rendered":"Kotka Corbeille \u00e0 feu Argent\u00e9"},"excerpt":{"rendered":"<p>Le RedFire Kotka a un diam\u00e8tre g\u00e9n\u00e9reux de 80 centim\u00e8tres et cr\u00e9e une source de chaleur \u00e9l\u00e9gante dans n&rsquo;importe quel jardin ou patio. La vasque est en acier non trait\u00e9 et peut donc rouiller.<\/p>\n","protected":false},"featured_media":6231,"template":"","meta":{"inline_featured_image":false},"product_brand":[],"product_cat":[1371],"product_tag":[1656],"class_list":{"0":"post-6940","1":"product","2":"type-product","3":"status-publish","4":"has-post-thumbnail","6":"product_cat-premium-fr","7":"product_tag-sortie","9":"first","10":"instock","11":"sale","12":"taxable","13":"shipping-taxable","14":"purchasable","15":"product-type-simple"},"_links":{"self":[{"href":"https:\/\/redfirepits.eu\/fr\/wp-json\/wp\/v2\/product\/6940","targetHints":{"allow":["GET"]}}],"collection":[{"href":"https:\/\/redfirepits.eu\/fr\/wp-json\/wp\/v2\/product"}],"about":[{"href":"https:\/\/redfirepits.eu\/fr\/wp-json\/wp\/v2\/types\/product"}],"wp:featuredmedia":[{"embeddable":true,"href":"https:\/\/redfirepits.eu\/fr\/wp-json\/wp\/v2\/media\/6231"}],"wp:attachment":[{"href":"https:\/\/redfirepits.eu\/fr\/wp-json\/wp\/v2\/media?parent=6940"}],"wp:term":[{"taxonomy":"product_brand","embeddable":true,"href":"https:\/\/redfirepits.eu\/fr\/wp-json\/wp\/v2\/product_brand?post=6940"},{"taxonomy":"product_cat","embeddable":true,"href":"https:\/\/redfirepits.eu\/fr\/wp-json\/wp\/v2\/product_cat?post=6940"},{"taxonomy":"product_tag","embeddable":true,"href":"https:\/\/redfirepits.eu\/fr\/wp-json\/wp\/v2\/product_tag?post=6940"}],"curies":[{"name":"wp","href":"https:\/\/api.w.org\/{rel}","templated":true}]}}