{"id":6943,"date":"2024-12-17T09:56:07","date_gmt":"2024-12-17T08:56:07","guid":{"rendered":"https:\/\/redfirepits.eu\/?post_type=product&#038;p=6943"},"modified":"2026-04-02T12:42:33","modified_gmt":"2026-04-02T11:42:33","slug":"pello-corbeille-a-feu-noire","status":"publish","type":"product","link":"https:\/\/redfirepits.eu\/fr\/produit\/pello-corbeille-a-feu-noire\/","title":{"rendered":"Pello Corbeille \u00e0 feu Noire"},"excerpt":{"rendered":"<p>Faites de chaque soir\u00e9e un moment unique avec le brasero Pello de RedFire. Solide, \u00e9l\u00e9gant et con\u00e7u pour impressionner, que vous partagiez un verre entre amis ou profitiez simplement d\u2019un moment de calme dans votre jardin. Le Pello est enti\u00e8rement fabriqu\u00e9 en acier \u00e9pais de 2 mm et, avec son large diam\u00e8tre de 60 cm, il offre assez d\u2019espace pour un feu de bois qui cr\u00e9pite et br\u00fble longtemps.<\/p>\n","protected":false},"featured_media":6369,"template":"","meta":{"inline_featured_image":false},"product_brand":[],"product_cat":[1371],"product_tag":[],"class_list":{"0":"post-6943","1":"product","2":"type-product","3":"status-publish","4":"has-post-thumbnail","6":"product_cat-premium-fr","8":"first","9":"instock","10":"taxable","11":"shipping-taxable","12":"purchasable","13":"product-type-simple"},"_links":{"self":[{"href":"https:\/\/redfirepits.eu\/fr\/wp-json\/wp\/v2\/product\/6943","targetHints":{"allow":["GET"]}}],"collection":[{"href":"https:\/\/redfirepits.eu\/fr\/wp-json\/wp\/v2\/product"}],"about":[{"href":"https:\/\/redfirepits.eu\/fr\/wp-json\/wp\/v2\/types\/product"}],"wp:featuredmedia":[{"embeddable":true,"href":"https:\/\/redfirepits.eu\/fr\/wp-json\/wp\/v2\/media\/6369"}],"wp:attachment":[{"href":"https:\/\/redfirepits.eu\/fr\/wp-json\/wp\/v2\/media?parent=6943"}],"wp:term":[{"taxonomy":"product_brand","embeddable":true,"href":"https:\/\/redfirepits.eu\/fr\/wp-json\/wp\/v2\/product_brand?post=6943"},{"taxonomy":"product_cat","embeddable":true,"href":"https:\/\/redfirepits.eu\/fr\/wp-json\/wp\/v2\/product_cat?post=6943"},{"taxonomy":"product_tag","embeddable":true,"href":"https:\/\/redfirepits.eu\/fr\/wp-json\/wp\/v2\/product_tag?post=6943"}],"curies":[{"name":"wp","href":"https:\/\/api.w.org\/{rel}","templated":true}]}}