{"id":6948,"date":"2024-11-07T11:41:48","date_gmt":"2024-11-07T10:41:48","guid":{"rendered":"https:\/\/redfirepits.eu\/?post_type=product&#038;p=6948"},"modified":"2025-08-05T14:10:43","modified_gmt":"2025-08-05T13:10:43","slug":"volcano-pellet-foyer-grand-acier-inoxydable","status":"publish","type":"product","link":"https:\/\/redfirepits.eu\/fr\/produit\/volcano-pellet-foyer-grand-acier-inoxydable\/","title":{"rendered":"Volcano Pellet Foyer Grand Acier Inoxydable"},"excerpt":{"rendered":"<p>Ce mod\u00e8le est la version grande de la collection Volcano. Contrairement aux versions petite et moyenne, cette grande \u00e9dition offre une flamme encore plus grande et est id\u00e9ale pour une utilisation au sol.<\/p>\n","protected":false},"featured_media":5989,"template":"","meta":{"inline_featured_image":false},"product_brand":[],"product_cat":[1590],"product_tag":[1591],"class_list":{"0":"post-6948","1":"product","2":"type-product","3":"status-publish","4":"has-post-thumbnail","6":"product_cat-collection-de-volcans","7":"product_tag-nouveau","9":"first","10":"outofstock","11":"taxable","12":"shipping-taxable","13":"purchasable","14":"product-type-simple"},"_links":{"self":[{"href":"https:\/\/redfirepits.eu\/fr\/wp-json\/wp\/v2\/product\/6948","targetHints":{"allow":["GET"]}}],"collection":[{"href":"https:\/\/redfirepits.eu\/fr\/wp-json\/wp\/v2\/product"}],"about":[{"href":"https:\/\/redfirepits.eu\/fr\/wp-json\/wp\/v2\/types\/product"}],"wp:featuredmedia":[{"embeddable":true,"href":"https:\/\/redfirepits.eu\/fr\/wp-json\/wp\/v2\/media\/5989"}],"wp:attachment":[{"href":"https:\/\/redfirepits.eu\/fr\/wp-json\/wp\/v2\/media?parent=6948"}],"wp:term":[{"taxonomy":"product_brand","embeddable":true,"href":"https:\/\/redfirepits.eu\/fr\/wp-json\/wp\/v2\/product_brand?post=6948"},{"taxonomy":"product_cat","embeddable":true,"href":"https:\/\/redfirepits.eu\/fr\/wp-json\/wp\/v2\/product_cat?post=6948"},{"taxonomy":"product_tag","embeddable":true,"href":"https:\/\/redfirepits.eu\/fr\/wp-json\/wp\/v2\/product_tag?post=6948"}],"curies":[{"name":"wp","href":"https:\/\/api.w.org\/{rel}","templated":true}]}}