{"id":6994,"date":"2024-11-01T13:54:23","date_gmt":"2024-11-01T12:54:23","guid":{"rendered":"https:\/\/redfirepits.eu\/product\/volcano-pellet-tafelhaard-medium-rvs\/"},"modified":"2025-08-05T14:19:51","modified_gmt":"2025-08-05T13:19:51","slug":"volcano-pellet-cheminee-de-table-moyenen-acier-inoxydable","status":"publish","type":"product","link":"https:\/\/redfirepits.eu\/fr\/produit\/volcano-pellet-cheminee-de-table-moyenen-acier-inoxydable\/","title":{"rendered":"Volcano Pellet Chemin\u00e9e De Table Moyenen Acier Inoxydable"},"excerpt":{"rendered":"<p>Ce mod\u00e8le est la version moyenne de la collection Volcano. La principale diff\u00e9rence avec la plus petite version est que cette \u00e9dition moyenne offre une flamme plus grande, tout en \u00e9tant parfaitement adapt\u00e9e \u00e0 une utilisation sur table. Profitez du m\u00e9lange id\u00e9al de fonctionnalit\u00e9 et d\u2019ambiance \u2013 dans un format l\u00e9g\u00e8rement plus grand !<\/p>\n","protected":false},"featured_media":5901,"template":"","meta":{"inline_featured_image":false},"product_brand":[],"product_cat":[1590],"product_tag":[1591],"class_list":{"0":"post-6994","1":"product","2":"type-product","3":"status-publish","4":"has-post-thumbnail","6":"product_cat-collection-de-volcans","7":"product_tag-nouveau","9":"first","10":"instock","11":"taxable","12":"shipping-taxable","13":"purchasable","14":"product-type-simple"},"_links":{"self":[{"href":"https:\/\/redfirepits.eu\/fr\/wp-json\/wp\/v2\/product\/6994","targetHints":{"allow":["GET"]}}],"collection":[{"href":"https:\/\/redfirepits.eu\/fr\/wp-json\/wp\/v2\/product"}],"about":[{"href":"https:\/\/redfirepits.eu\/fr\/wp-json\/wp\/v2\/types\/product"}],"wp:featuredmedia":[{"embeddable":true,"href":"https:\/\/redfirepits.eu\/fr\/wp-json\/wp\/v2\/media\/5901"}],"wp:attachment":[{"href":"https:\/\/redfirepits.eu\/fr\/wp-json\/wp\/v2\/media?parent=6994"}],"wp:term":[{"taxonomy":"product_brand","embeddable":true,"href":"https:\/\/redfirepits.eu\/fr\/wp-json\/wp\/v2\/product_brand?post=6994"},{"taxonomy":"product_cat","embeddable":true,"href":"https:\/\/redfirepits.eu\/fr\/wp-json\/wp\/v2\/product_cat?post=6994"},{"taxonomy":"product_tag","embeddable":true,"href":"https:\/\/redfirepits.eu\/fr\/wp-json\/wp\/v2\/product_tag?post=6994"}],"curies":[{"name":"wp","href":"https:\/\/api.w.org\/{rel}","templated":true}]}}