{"id":6998,"date":"2024-11-01T13:24:36","date_gmt":"2024-11-01T12:24:36","guid":{"rendered":"https:\/\/redfirepits.eu\/product\/volcano-pellet-tafelhaard-klein-olijf-groen\/"},"modified":"2025-08-05T14:21:13","modified_gmt":"2025-08-05T13:21:13","slug":"volcano-pellet-cheminee-de-table-petite-olive","status":"publish","type":"product","link":"https:\/\/redfirepits.eu\/fr\/produit\/volcano-pellet-cheminee-de-table-petite-olive\/","title":{"rendered":"Volcano Pellet Chemin\u00e9e De Table Petite Olive"},"excerpt":{"rendered":"<p>Le mod\u00e8le compact de la collection Volcano est id\u00e9al pour une utilisation sur table et offre le parfait \u00e9quilibre entre fonctionnalit\u00e9 et ambiance. Les foyers de cette gamme sont sp\u00e9cialement con\u00e7us pour br\u00fbler des pellets ou du bois, ce mod\u00e8le le plus petit offrant des performances optimales avec des pellets. L\u2019un de ses plus grands avantages est qu\u2019il br\u00fble pratiquement sans fum\u00e9e ni \u00e9tincelles.<\/p>\n","protected":false},"featured_media":5873,"template":"","meta":{"inline_featured_image":false},"product_brand":[],"product_cat":[1590],"product_tag":[1591],"class_list":{"0":"post-6998","1":"product","2":"type-product","3":"status-publish","4":"has-post-thumbnail","6":"product_cat-collection-de-volcans","7":"product_tag-nouveau","9":"first","10":"instock","11":"taxable","12":"shipping-taxable","13":"purchasable","14":"product-type-simple"},"_links":{"self":[{"href":"https:\/\/redfirepits.eu\/fr\/wp-json\/wp\/v2\/product\/6998","targetHints":{"allow":["GET"]}}],"collection":[{"href":"https:\/\/redfirepits.eu\/fr\/wp-json\/wp\/v2\/product"}],"about":[{"href":"https:\/\/redfirepits.eu\/fr\/wp-json\/wp\/v2\/types\/product"}],"wp:featuredmedia":[{"embeddable":true,"href":"https:\/\/redfirepits.eu\/fr\/wp-json\/wp\/v2\/media\/5873"}],"wp:attachment":[{"href":"https:\/\/redfirepits.eu\/fr\/wp-json\/wp\/v2\/media?parent=6998"}],"wp:term":[{"taxonomy":"product_brand","embeddable":true,"href":"https:\/\/redfirepits.eu\/fr\/wp-json\/wp\/v2\/product_brand?post=6998"},{"taxonomy":"product_cat","embeddable":true,"href":"https:\/\/redfirepits.eu\/fr\/wp-json\/wp\/v2\/product_cat?post=6998"},{"taxonomy":"product_tag","embeddable":true,"href":"https:\/\/redfirepits.eu\/fr\/wp-json\/wp\/v2\/product_tag?post=6998"}],"curies":[{"name":"wp","href":"https:\/\/api.w.org\/{rel}","templated":true}]}}