{"id":7009,"date":"2024-11-01T11:46:19","date_gmt":"2024-11-01T10:46:19","guid":{"rendered":"https:\/\/redfirepits.eu\/product\/volcano-pellet-tafelhaard-klein-rvs\/"},"modified":"2025-08-05T14:25:41","modified_gmt":"2025-08-05T13:25:41","slug":"volcano-pellet-cheminee-de-table-petit-en-acier-inoxydable","status":"publish","type":"product","link":"https:\/\/redfirepits.eu\/fr\/produit\/volcano-pellet-cheminee-de-table-petit-en-acier-inoxydable\/","title":{"rendered":"Volcano Pellet Chemin\u00e9e De Table Petit en Acier Inoxydable"},"excerpt":{"rendered":"<div class=\"relative flex-col gap-1 md:gap-3\">\n<div class=\"flex max-w-full flex-col grow\">\n<div class=\"min-h-8 text-message relative flex w-full flex-col items-end gap-2 text-start break-words whitespace-normal [.text-message+&amp;]:mt-5\" dir=\"auto\" data-message-author-role=\"assistant\" data-message-id=\"d105b100-6e55-40fc-b865-c1d3bdfdfc51\" data-message-model-slug=\"gpt-4-1-mini\">\n<div class=\"flex w-full flex-col gap-1 empty:hidden first:pt-[3px]\">\n<div class=\"markdown prose dark:prose-invert w-full break-words light\">\n<p data-start=\"374\" data-end=\"784\" data-is-last-node=\"\" data-is-only-node=\"\">Le mod\u00e8le compact de la collection Volcano est id\u00e9al pour une utilisation sur table et offre le parfait m\u00e9lange de fonctionnalit\u00e9 et d\u2019ambiance. Les foyers de cette gamme sont sp\u00e9cialement con\u00e7us pour br\u00fbler des pellets ou du bois, ce mod\u00e8le le plus petit offrant des performances optimales avec des pellets. L\u2019un de ses plus grands avantages est qu\u2019il br\u00fble pratiquement sans fum\u00e9e ni \u00e9tincelles.<\/p>\n<\/div>\n<\/div>\n<\/div>\n<\/div>\n<\/div>\n","protected":false},"featured_media":5829,"template":"","meta":{"inline_featured_image":false},"product_brand":[],"product_cat":[1590],"product_tag":[1591],"class_list":{"0":"post-7009","1":"product","2":"type-product","3":"status-publish","4":"has-post-thumbnail","6":"product_cat-collection-de-volcans","7":"product_tag-nouveau","9":"first","10":"instock","11":"taxable","12":"shipping-taxable","13":"purchasable","14":"product-type-simple"},"_links":{"self":[{"href":"https:\/\/redfirepits.eu\/fr\/wp-json\/wp\/v2\/product\/7009","targetHints":{"allow":["GET"]}}],"collection":[{"href":"https:\/\/redfirepits.eu\/fr\/wp-json\/wp\/v2\/product"}],"about":[{"href":"https:\/\/redfirepits.eu\/fr\/wp-json\/wp\/v2\/types\/product"}],"wp:featuredmedia":[{"embeddable":true,"href":"https:\/\/redfirepits.eu\/fr\/wp-json\/wp\/v2\/media\/5829"}],"wp:attachment":[{"href":"https:\/\/redfirepits.eu\/fr\/wp-json\/wp\/v2\/media?parent=7009"}],"wp:term":[{"taxonomy":"product_brand","embeddable":true,"href":"https:\/\/redfirepits.eu\/fr\/wp-json\/wp\/v2\/product_brand?post=7009"},{"taxonomy":"product_cat","embeddable":true,"href":"https:\/\/redfirepits.eu\/fr\/wp-json\/wp\/v2\/product_cat?post=7009"},{"taxonomy":"product_tag","embeddable":true,"href":"https:\/\/redfirepits.eu\/fr\/wp-json\/wp\/v2\/product_tag?post=7009"}],"curies":[{"name":"wp","href":"https:\/\/api.w.org\/{rel}","templated":true}]}}